{"id":6756,"date":"2021-08-26T10:59:57","date_gmt":"2021-08-26T13:59:57","guid":{"rendered":"https:\/\/singep.org.br\/10\/?page_id=6756"},"modified":"2022-08-30T13:08:41","modified_gmt":"2022-08-30T16:08:41","slug":"comissao-cientifica","status":"publish","type":"page","link":"https:\/\/singep.org.br\/10\/comissao-cientifica\/","title":{"rendered":"Comiss\u00e3o Cient\u00edfica"},"content":{"rendered":"\n<p><strong>Comiss\u00e3o Cient\u00edfica do X SINGEP<\/strong><\/p>\n\n\n\n<p>Cl\u00e1udia Terezinha Kniess, Doutora, UNIFESP SP<\/p>\n\n\n\n<p>Cristiane Drebes Pedron, Doutora, UNINOVE SP<\/p>\n\n\n\n<p>Fl\u00e1vio Santino Bizarrias, Doutor, UNINOVE SP<\/p>\n\n\n\n<p>Benny Kramer Costa, Doutor, UNINOVE SP<\/p>\n\n\n\n<p>Geraldo Cardoso De Oliveira Neto, Doutor, UNINOVE SP<\/p>\n\n\n\n<p>Heidy Rodriguez Ramos, Doutora, UNINOVE SP<\/p>\n\n\n\n<p>Julio Araujo Carneiro Da Cunha, Doutor, UNINOVE SP<\/p>\n\n\n\n<p>Leonardo Vils, Doutor, UNINOVE SP<\/p>\n\n\n\n<p>Luciano Ferreira Da Silva, Doutor, UNINOVE SP<\/p>\n\n\n\n<p>V\u00e2nia Maria Jorge Nassif, Doutora, UNINOVE SP<\/p>\n","protected":false},"excerpt":{"rendered":"<p>Comiss\u00e3o Cient\u00edfica do X SINGEP Cl\u00e1udia Terezinha Kniess, Doutora, UNIFESP SP Cristiane Drebes Pedron, Doutora, UNINOVE SP Fl\u00e1vio Santino Bizarrias, Doutor, UNINOVE SP Benny Kramer Costa, Doutor, UNINOVE SP Geraldo Cardoso De Oliveira Neto, Doutor, UNINOVE SP Heidy Rodriguez Ramos, Doutora, UNINOVE SP Julio Araujo Carneiro Da Cunha, Doutor, UNINOVE SP Leonardo Vils, Doutor, UNINOVE [&hellip;]<\/p>\n","protected":false},"author":1,"featured_media":0,"parent":0,"menu_order":0,"comment_status":"closed","ping_status":"closed","template":"","meta":{"footnotes":""},"class_list":["post-6756","page","type-page","status-publish","hentry"],"_links":{"self":[{"href":"https:\/\/singep.org.br\/10\/wp-json\/wp\/v2\/pages\/6756","targetHints":{"allow":["GET"]}}],"collection":[{"href":"https:\/\/singep.org.br\/10\/wp-json\/wp\/v2\/pages"}],"about":[{"href":"https:\/\/singep.org.br\/10\/wp-json\/wp\/v2\/types\/page"}],"author":[{"embeddable":true,"href":"https:\/\/singep.org.br\/10\/wp-json\/wp\/v2\/users\/1"}],"replies":[{"embeddable":true,"href":"https:\/\/singep.org.br\/10\/wp-json\/wp\/v2\/comments?post=6756"}],"version-history":[{"count":2,"href":"https:\/\/singep.org.br\/10\/wp-json\/wp\/v2\/pages\/6756\/revisions"}],"predecessor-version":[{"id":7495,"href":"https:\/\/singep.org.br\/10\/wp-json\/wp\/v2\/pages\/6756\/revisions\/7495"}],"wp:attachment":[{"href":"https:\/\/singep.org.br\/10\/wp-json\/wp\/v2\/media?parent=6756"}],"curies":[{"name":"wp","href":"https:\/\/api.w.org\/{rel}","templated":true}]}}