{"id":6491,"date":"2021-05-03T16:11:36","date_gmt":"2021-05-03T19:11:36","guid":{"rendered":"https:\/\/singep.org.br\/10\/?page_id=6491"},"modified":"2022-05-05T16:02:30","modified_gmt":"2022-05-05T19:02:30","slug":"marketing","status":"publish","type":"page","link":"https:\/\/singep.org.br\/10\/areas\/marketing\/","title":{"rendered":"Marketing"},"content":{"rendered":"\n<p><strong>L\u00edderes: <\/strong><\/p>\n\n\n\n<ul class=\"wp-block-list\"><li>Flavio Santino Bizarrias \u2013 Programa de P\u00f3s-Gradua\u00e7\u00e3o em Gest\u00e3o de Projetos da Universidade Nove de Julho (UNINOVE)<\/li><li>Evandro Luiz Lopes \u2013 Programa de P\u00f3s-Gradua\u00e7\u00e3o em Administra\u00e7\u00e3o da Escola de Propaganda e Marketing (ESPM) e Escola Paulista de Pol\u00edtica, Economia e Neg\u00f3cios da Universidade Federal de S\u00e3o Paulo<\/li><li>Diego Nogueira Rafael &#8211; Doutorando do Programa de P\u00f3s-Gradua\u00e7\u00e3o em Administra\u00e7\u00e3o da Universidade Nove de Julho (UNINOVE).<\/li><\/ul>\n\n\n\n<div style=\"height:25px\" aria-hidden=\"true\" class=\"wp-block-spacer\"><\/div>\n\n\n\n<h3 class=\"wp-block-heading\">Temas<\/h3>\n\n\n\n<ol class=\"wp-block-list\" type=\"1\"><li>Comportamento do consumidor<\/li><li>Marketing digital&nbsp;<\/li><li>Administra\u00e7\u00e3o de Trade, Vendas e Canais de distribui\u00e7\u00e3o<\/li><li>Administra\u00e7\u00e3o de marcas<\/li><li>Administra\u00e7\u00e3o do composto de marketing<\/li><li>Estrat\u00e9gias de Marketing<\/li><li>Marketing de Servi\u00e7os e Fideliza\u00e7\u00e3o<\/li><\/ol>\n","protected":false},"excerpt":{"rendered":"<p>L\u00edderes: Flavio Santino Bizarrias \u2013 Programa de P\u00f3s-Gradua\u00e7\u00e3o em Gest\u00e3o de Projetos da Universidade Nove de Julho (UNINOVE) Evandro Luiz Lopes \u2013 Programa de P\u00f3s-Gradua\u00e7\u00e3o em Administra\u00e7\u00e3o da Escola de Propaganda e Marketing (ESPM) e Escola Paulista de Pol\u00edtica, Economia e Neg\u00f3cios da Universidade Federal de S\u00e3o Paulo Diego Nogueira Rafael &#8211; Doutorando do Programa [&hellip;]<\/p>\n","protected":false},"author":1,"featured_media":0,"parent":30,"menu_order":0,"comment_status":"closed","ping_status":"closed","template":"","meta":{"footnotes":""},"class_list":["post-6491","page","type-page","status-publish","hentry"],"_links":{"self":[{"href":"https:\/\/singep.org.br\/10\/wp-json\/wp\/v2\/pages\/6491","targetHints":{"allow":["GET"]}}],"collection":[{"href":"https:\/\/singep.org.br\/10\/wp-json\/wp\/v2\/pages"}],"about":[{"href":"https:\/\/singep.org.br\/10\/wp-json\/wp\/v2\/types\/page"}],"author":[{"embeddable":true,"href":"https:\/\/singep.org.br\/10\/wp-json\/wp\/v2\/users\/1"}],"replies":[{"embeddable":true,"href":"https:\/\/singep.org.br\/10\/wp-json\/wp\/v2\/comments?post=6491"}],"version-history":[{"count":6,"href":"https:\/\/singep.org.br\/10\/wp-json\/wp\/v2\/pages\/6491\/revisions"}],"predecessor-version":[{"id":7093,"href":"https:\/\/singep.org.br\/10\/wp-json\/wp\/v2\/pages\/6491\/revisions\/7093"}],"up":[{"embeddable":true,"href":"https:\/\/singep.org.br\/10\/wp-json\/wp\/v2\/pages\/30"}],"wp:attachment":[{"href":"https:\/\/singep.org.br\/10\/wp-json\/wp\/v2\/media?parent=6491"}],"curies":[{"name":"wp","href":"https:\/\/api.w.org\/{rel}","templated":true}]}}