{"id":6211,"date":"2020-02-28T13:19:58","date_gmt":"2020-02-28T16:19:58","guid":{"rendered":"http:\/\/singep.org.br\/10\/?page_id=6211"},"modified":"2022-05-05T15:55:03","modified_gmt":"2022-05-05T18:55:03","slug":"coordenadores-de-areas","status":"publish","type":"page","link":"https:\/\/singep.org.br\/10\/coordenadores-de-areas\/","title":{"rendered":"Coordenadores de \u00c1reas"},"content":{"rendered":"\n<p><strong>COORDENADOR GERAL<\/strong><\/p>\n\n\n\n<p> JULIO ARAUJO CARNEIRO DA CUNHA \u2013 UNINOVE, S\u00e3o Paulo, Brasil<\/p>\n\n\n\n<p><strong>COORDENADORES DE \u00c1REAS<\/strong><\/p>\n\n\n\n<p><strong>ESTRAT\u00c9GIA <\/strong>\u2013 BENNY KRAMER COSTA, Universidade Nove de Julho \u2013 UNINOVE, S\u00e3o Paulo, Brasil<br><strong>GEST\u00c3O DE PROJETOS<\/strong> \u2013 CRISTIANE DREBES PEDRON \u2013 UNINOVE, S\u00e3o Paulo, Brasil\u00a0\u00a0<br><strong>IND\u00daSTRIA 4.0<\/strong> \u2013 GERALDO CARDOSO DE OLIVEIRA NETO,\u00a0Universidade Nove de Julho \u2013 UNINOVE, S\u00e3o Paulo, Brasil<br><strong>INOVA\u00c7\u00c3O E EMPREENDEDORISMO<\/strong> \u2013 CLAUDIA BRITO SILVA CIRANI, Universidade Nove de Julho \u2013 UNINOVE, S\u00e3o Paulo, Brasil\u00a0\u00a0\u00a0<br><strong>MARKETING <\/strong>\u2013 FLAVIO SANTINO BIZARRIAS, Universidade Nove de Julho \u2013 UNINOVE e <strong>EVANDRO LUIZ LOPES<\/strong>, ESPM e UNIFESP, S\u00e3o Paulo, Brasil<br><strong>SUSTENTABILIDADE <\/strong>\u2013 HEIDY RODRIGUEZ RAMOS e LEONARDO VILS \u2013 UNINOVE, S\u00e3o Paulo, Brasil\u00a0\u00a0<\/p>\n\n\n\n<p><br><br><\/p>\n\n\n\n<p><\/p>\n","protected":false},"excerpt":{"rendered":"<p>COORDENADOR GERAL JULIO ARAUJO CARNEIRO DA CUNHA \u2013 UNINOVE, S\u00e3o Paulo, Brasil COORDENADORES DE \u00c1REAS ESTRAT\u00c9GIA \u2013 BENNY KRAMER COSTA, Universidade Nove de Julho \u2013 UNINOVE, S\u00e3o Paulo, BrasilGEST\u00c3O DE PROJETOS \u2013 CRISTIANE DREBES PEDRON \u2013 UNINOVE, S\u00e3o Paulo, Brasil\u00a0\u00a0IND\u00daSTRIA 4.0 \u2013 GERALDO CARDOSO DE OLIVEIRA NETO,\u00a0Universidade Nove de Julho \u2013 UNINOVE, S\u00e3o Paulo, BrasilINOVA\u00c7\u00c3O [&hellip;]<\/p>\n","protected":false},"author":1,"featured_media":0,"parent":0,"menu_order":0,"comment_status":"closed","ping_status":"closed","template":"","meta":{"footnotes":""},"class_list":["post-6211","page","type-page","status-publish","hentry"],"_links":{"self":[{"href":"https:\/\/singep.org.br\/10\/wp-json\/wp\/v2\/pages\/6211","targetHints":{"allow":["GET"]}}],"collection":[{"href":"https:\/\/singep.org.br\/10\/wp-json\/wp\/v2\/pages"}],"about":[{"href":"https:\/\/singep.org.br\/10\/wp-json\/wp\/v2\/types\/page"}],"author":[{"embeddable":true,"href":"https:\/\/singep.org.br\/10\/wp-json\/wp\/v2\/users\/1"}],"replies":[{"embeddable":true,"href":"https:\/\/singep.org.br\/10\/wp-json\/wp\/v2\/comments?post=6211"}],"version-history":[{"count":2,"href":"https:\/\/singep.org.br\/10\/wp-json\/wp\/v2\/pages\/6211\/revisions"}],"predecessor-version":[{"id":7089,"href":"https:\/\/singep.org.br\/10\/wp-json\/wp\/v2\/pages\/6211\/revisions\/7089"}],"wp:attachment":[{"href":"https:\/\/singep.org.br\/10\/wp-json\/wp\/v2\/media?parent=6211"}],"curies":[{"name":"wp","href":"https:\/\/api.w.org\/{rel}","templated":true}]}}