{"id":5999,"date":"2019-08-28T21:25:27","date_gmt":"2019-08-29T00:25:27","guid":{"rendered":"http:\/\/singep.org.br\/10\/?page_id=5999"},"modified":"2022-05-05T15:50:34","modified_gmt":"2022-05-05T18:50:34","slug":"industria-4-0","status":"publish","type":"page","link":"https:\/\/singep.org.br\/10\/areas\/industria-4-0\/","title":{"rendered":"Ind\u00fastria 4.0"},"content":{"rendered":"\n<p><strong>L\u00edder: <\/strong><\/p>\n\n\n\n<ul class=\"wp-block-list\"><li>Geraldo Cardoso de Oliveira Neto \u2013 Programa de P\u00f3s-Gradua\u00e7\u00e3o em Engenharia de Produ\u00e7\u00e3o da Universidade Nove de Julho (UNINOVE)<\/li><\/ul>\n\n\n\n<div style=\"height:25px\" aria-hidden=\"true\" class=\"wp-block-spacer\"><\/div>\n\n\n\n<h3 class=\"wp-block-heading\">Temas<\/h3>\n\n\n\n<ol class=\"wp-block-list\"><li>Impactos da ado\u00e7\u00e3o das tecnologias da ind\u00fastria 4.0 na gest\u00e3o estrat\u00e9gica de opera\u00e7\u00f5es.<\/li><li>Computa\u00e7\u00e3o na nuvem (Cloud Computing) e Seguran\u00e7a Cibern\u00e9tica ou de Dados (Cyber security).<\/li><li>Gest\u00e3o de projetos e Ind\u00fastria 4.0<\/li><li>Ind\u00fastria 4.0 e Economia Circular.<\/li><li>Internet das Coisas (Internet of Things &#8211; IoT) e Big Data Analytics.<\/li><li>Rob\u00f4s aut\u00f4nomos e colaborativos (Autonomous Robots) e Manufatura Aditiva e H\u00edbrida (Additive Manufacturing, 3D printing).<\/li><li>Simula\u00e7\u00e3o e Modelagem (Digital Twin) e Integra\u00e7\u00e3o de Sistemas (Systems Integration).<\/li><li>Supply Chain Management e ind\u00fastria 4.0.<\/li><\/ol>\n","protected":false},"excerpt":{"rendered":"<p>L\u00edder: Geraldo Cardoso de Oliveira Neto \u2013 Programa de P\u00f3s-Gradua\u00e7\u00e3o em Engenharia de Produ\u00e7\u00e3o da Universidade Nove de Julho (UNINOVE) Temas Impactos da ado\u00e7\u00e3o das tecnologias da ind\u00fastria 4.0 na gest\u00e3o estrat\u00e9gica de opera\u00e7\u00f5es. Computa\u00e7\u00e3o na nuvem (Cloud Computing) e Seguran\u00e7a Cibern\u00e9tica ou de Dados (Cyber security). Gest\u00e3o de projetos e Ind\u00fastria 4.0 Ind\u00fastria 4.0 [&hellip;]<\/p>\n","protected":false},"author":1,"featured_media":0,"parent":30,"menu_order":0,"comment_status":"closed","ping_status":"closed","template":"","meta":{"footnotes":""},"class_list":["post-5999","page","type-page","status-publish","hentry"],"_links":{"self":[{"href":"https:\/\/singep.org.br\/10\/wp-json\/wp\/v2\/pages\/5999","targetHints":{"allow":["GET"]}}],"collection":[{"href":"https:\/\/singep.org.br\/10\/wp-json\/wp\/v2\/pages"}],"about":[{"href":"https:\/\/singep.org.br\/10\/wp-json\/wp\/v2\/types\/page"}],"author":[{"embeddable":true,"href":"https:\/\/singep.org.br\/10\/wp-json\/wp\/v2\/users\/1"}],"replies":[{"embeddable":true,"href":"https:\/\/singep.org.br\/10\/wp-json\/wp\/v2\/comments?post=5999"}],"version-history":[{"count":4,"href":"https:\/\/singep.org.br\/10\/wp-json\/wp\/v2\/pages\/5999\/revisions"}],"predecessor-version":[{"id":7084,"href":"https:\/\/singep.org.br\/10\/wp-json\/wp\/v2\/pages\/5999\/revisions\/7084"}],"up":[{"embeddable":true,"href":"https:\/\/singep.org.br\/10\/wp-json\/wp\/v2\/pages\/30"}],"wp:attachment":[{"href":"https:\/\/singep.org.br\/10\/wp-json\/wp\/v2\/media?parent=5999"}],"curies":[{"name":"wp","href":"https:\/\/api.w.org\/{rel}","templated":true}]}}