{"id":5700,"date":"2018-06-30T13:24:23","date_gmt":"2018-06-30T16:24:23","guid":{"rendered":"http:\/\/singep.org.br\/10\/?page_id=5700"},"modified":"2022-08-30T14:45:41","modified_gmt":"2022-08-30T17:45:41","slug":"strategy","status":"publish","type":"page","link":"https:\/\/singep.org.br\/10\/strategy\/?lang=en","title":{"rendered":"Strategy"},"content":{"rendered":"\n\n<strong>Theme Leaders: <\/strong>\n\n \n<ul class=\"wp-block-list\">\n \t<li>Benny Kramer Costa &#8211; Programa de P\u00f3s-Gradua\u00e7\u00e3o em Administra\u00e7\u00e3o da Universidade Nove de Julho (UNINOVE); Universidade de S\u00e3o Paulo (USP).<\/li>\n \t<li>Thiago de Luca Sant&#8217;ana Ribeiro &#8211; Instituto Federal de Educa\u00e7\u00e3o, Ci\u00eancia e Tecnologia de S\u00e3o Paulo (IFSP); Egressos do Programa de P\u00f3s-Gradua\u00e7\u00e3o em Administra\u00e7\u00e3o da Universidade Nove de Julho (UNINOVE).<\/li>\n \t<li>Naiche van der Poel &#8211; Doutorando do Programa de P\u00f3s-Gradua\u00e7\u00e3o em Administra\u00e7\u00e3o da Universidade Nove de Julho (UNINOVE).<\/li>\n \t<li>Renato Fabiano Cintra &#8211; Programa de Mestrado Profissional de Administra\u00e7\u00e3o P\u00fablica (PROFIAP); Universidade Federal da Grande Dourados (UFGD); Egresso do Programa de P\u00f3s-Gradua\u00e7\u00e3o em Administra\u00e7\u00e3o da Universidade Nove de Julho (UNINOVE).<\/li>\n<\/ul>\n \n<div class=\"wp-block-spacer\" aria-hidden=\"true\"><\/div>\n \n<h3 class=\"wp-block-heading\">Topics:<\/h3>\n \n<ol class=\"wp-block-list\">\n \t<li>Behavioral Strategy<\/li>\n \t<li>Corporative and Competitive Strategy<\/li>\n \t<li>Corporative and Stakeholder Strategy<\/li>\n \t<li>Internationalization and Strategy<\/li>\n \t<li>Organizations and Strategy<\/li>\n \t<li>Strategy, Leadership, and Governance<\/li>\n \t<li>Strategic Management in Third Sector and Public Management<\/li>\n \t<li>Special Topics in Strategic Management<\/li>\n<\/ol>\n","protected":false},"excerpt":{"rendered":"<p>Theme Leaders: Benny Kramer Costa &#8211; Programa de P\u00f3s-Gradua\u00e7\u00e3o em Administra\u00e7\u00e3o da Universidade Nove de Julho (UNINOVE); Universidade de S\u00e3o Paulo (USP). Thiago de Luca Sant&#8217;ana Ribeiro &#8211; Instituto Federal de Educa\u00e7\u00e3o, Ci\u00eancia e Tecnologia de S\u00e3o Paulo (IFSP); Egressos do Programa de P\u00f3s-Gradua\u00e7\u00e3o em Administra\u00e7\u00e3o da Universidade Nove de Julho (UNINOVE). Naiche van der [&hellip;]<\/p>\n","protected":false},"author":1,"featured_media":0,"parent":0,"menu_order":0,"comment_status":"closed","ping_status":"closed","template":"","meta":{"footnotes":""},"class_list":["post-5700","page","type-page","status-publish","hentry"],"_links":{"self":[{"href":"https:\/\/singep.org.br\/10\/wp-json\/wp\/v2\/pages\/5700","targetHints":{"allow":["GET"]}}],"collection":[{"href":"https:\/\/singep.org.br\/10\/wp-json\/wp\/v2\/pages"}],"about":[{"href":"https:\/\/singep.org.br\/10\/wp-json\/wp\/v2\/types\/page"}],"author":[{"embeddable":true,"href":"https:\/\/singep.org.br\/10\/wp-json\/wp\/v2\/users\/1"}],"replies":[{"embeddable":true,"href":"https:\/\/singep.org.br\/10\/wp-json\/wp\/v2\/comments?post=5700"}],"version-history":[{"count":1,"href":"https:\/\/singep.org.br\/10\/wp-json\/wp\/v2\/pages\/5700\/revisions"}],"predecessor-version":[{"id":7535,"href":"https:\/\/singep.org.br\/10\/wp-json\/wp\/v2\/pages\/5700\/revisions\/7535"}],"wp:attachment":[{"href":"https:\/\/singep.org.br\/10\/wp-json\/wp\/v2\/media?parent=5700"}],"curies":[{"name":"wp","href":"https:\/\/api.w.org\/{rel}","templated":true}]}}