{"id":5691,"date":"2018-06-30T13:20:44","date_gmt":"2018-06-30T16:20:44","guid":{"rendered":"http:\/\/singep.org.br\/10\/?page_id=5691"},"modified":"2022-08-30T14:55:06","modified_gmt":"2022-08-30T17:55:06","slug":"innovation","status":"publish","type":"page","link":"https:\/\/singep.org.br\/10\/innovation\/?lang=en","title":{"rendered":"Innovation and Entrepreneurship"},"content":{"rendered":"<div class=\"b_text\">\n<p><strong>Theme Leader:<\/strong><\/p>\n<ul>\n<li>Claudia Brito Silva Cirani \u2013 Programa de P\u00f3s-Gradua\u00e7\u00e3o em Administra\u00e7\u00e3o da Universidade Nove de Julho (UNINOVE)<\/li>\n<li>Jos\u00e9 Jaconias da Silva \u2013 Curso de Administra\u00e7\u00e3o da Universidade Federal do Mato Grosso<\/li>\n<li>Franklin Ribeiro Doutorando do Programa de P\u00f3s-Gradua\u00e7\u00e3o em Administra\u00e7\u00e3o da Universidade Nove de Julho (UNINOVE)<\/li>\n<\/ul>\n<div class=\"wp-block-spacer\" aria-hidden=\"true\"><\/div>\n<h3>Topics:<\/h3>\n<ol>\n<li>Service Innovation<\/li>\n<li>Innovation in Public Management<\/li>\n<li>Innovation and Digital Entrepreneurship<\/li>\n<li>Innovation and Sustainable Entrepreneurship<\/li>\n<li>Behavioral innovation aspects and entrepreneurship<\/li>\n<li>Innovation and Entrepreneurship networks, ecosystems and policies<\/li>\n<li>Emerging topics on Innovation and Entrepreneurships<\/li>\n<\/ol>\n<\/div>\n","protected":false},"excerpt":{"rendered":"<p>Theme Leader: Claudia Brito Silva Cirani \u2013 Programa de P\u00f3s-Gradua\u00e7\u00e3o em Administra\u00e7\u00e3o da Universidade Nove de Julho (UNINOVE) Jos\u00e9 Jaconias da Silva \u2013 Curso de Administra\u00e7\u00e3o da Universidade Federal do Mato Grosso Franklin Ribeiro Doutorando do Programa de P\u00f3s-Gradua\u00e7\u00e3o em Administra\u00e7\u00e3o da Universidade Nove de Julho (UNINOVE) Topics: Service Innovation Innovation in Public Management Innovation [&hellip;]<\/p>\n","protected":false},"author":1,"featured_media":0,"parent":0,"menu_order":0,"comment_status":"closed","ping_status":"closed","template":"","meta":{"footnotes":""},"class_list":["post-5691","page","type-page","status-publish","hentry"],"_links":{"self":[{"href":"https:\/\/singep.org.br\/10\/wp-json\/wp\/v2\/pages\/5691","targetHints":{"allow":["GET"]}}],"collection":[{"href":"https:\/\/singep.org.br\/10\/wp-json\/wp\/v2\/pages"}],"about":[{"href":"https:\/\/singep.org.br\/10\/wp-json\/wp\/v2\/types\/page"}],"author":[{"embeddable":true,"href":"https:\/\/singep.org.br\/10\/wp-json\/wp\/v2\/users\/1"}],"replies":[{"embeddable":true,"href":"https:\/\/singep.org.br\/10\/wp-json\/wp\/v2\/comments?post=5691"}],"version-history":[{"count":1,"href":"https:\/\/singep.org.br\/10\/wp-json\/wp\/v2\/pages\/5691\/revisions"}],"predecessor-version":[{"id":7541,"href":"https:\/\/singep.org.br\/10\/wp-json\/wp\/v2\/pages\/5691\/revisions\/7541"}],"wp:attachment":[{"href":"https:\/\/singep.org.br\/10\/wp-json\/wp\/v2\/media?parent=5691"}],"curies":[{"name":"wp","href":"https:\/\/api.w.org\/{rel}","templated":true}]}}