{"id":5599,"date":"2014-05-23T12:08:11","date_gmt":"2014-05-23T15:08:11","guid":{"rendered":"http:\/\/singep.org.br\/10\/fast-track\/"},"modified":"2022-08-30T14:34:48","modified_gmt":"2022-08-30T17:34:48","slug":"fast-track","status":"publish","type":"page","link":"https:\/\/singep.org.br\/10\/fast-track\/?lang=en","title":{"rendered":"Fast Track"},"content":{"rendered":"\n<p><strong><strong>The best works will be selected by the journal editors of the following journals to getting directly moved to the peer-review stage, in the following journals:<\/strong><\/strong><\/p>\n\n\n\n\t\t\t\t<link rel=\"stylesheet\" type=\"text\/css\" href=\"https:\/\/cdn.datatables.net\/v\/dt\/dt-1.10.25\/fh-3.1.9\/datatables.min.css\"\/>\n\t\t\t\t<script type=\"text\/javascript\" src=\"https:\/\/cdn.datatables.net\/v\/dt\/dt-1.10.25\/fh-3.1.9\/datatables.min.js\"><\/script>\n\n\n\t\t\t\t<script>\n\t\t\tjQuery(document).ready(function() {\n\t\t\t\tjQuery('#dataTables-revistas').DataTable({\n\t\t\t\t    fixedHeader: true,\n\t\t\t\t\tresponsive: true,\n\t\t\t\t\tpaging: false\n\t\t\t\t});\n\t\t\t});\n\t\t<\/script>\n\t\t\t\t<table class=\"display dataTable\" id=\"dataTables-revistas\">\n\t\t\t\t\t<thead>\n\t\t\t\t\t\t<tr>\n\t\t\t\t\t\t\t<th style=\"width: 85%;\">Nome<\/th>\n\t\t\t\t\t\t\t<th style=\"width: 15%;\" >Qualis 2016 ADM<\/th>\n\n\t\t\t\t\t\t<\/tr>\n\t\t\t\t\t<\/thead>\n\t\t\t\t\t<tbody>\n\t\t\t\t\t\t\t\t\t\t\t\t\t<tr class=\"odd gradeX\">\n\t\t\t\t\t\t\t\t<td><a href=\"http:\/\/seer.uscs.edu.br\/index.php\/revista_gestao\/\" target=\"_blank\">G&R - Gest\u00e3o & Regionalidade<\/a><\/td>\n\t\t\t\t\t\t\t\t<td class=\"text-center\"><center>A4<\/center><\/td>\n\n\t\t\t\t\t\t\t<\/tr>\n\t\t\t\t\t\t\t\t\t\t\t\t\t\t<tr class=\"odd gradeX\">\n\t\t\t\t\t\t\t\t<td><a href=\"https:\/\/periodicos.uninove.br\/gep\" target=\"_blank\">GeP - Revista de Gest\u00e3o e Projetos<\/a><\/td>\n\t\t\t\t\t\t\t\t<td class=\"text-center\"><center>A4<\/center><\/td>\n\n\t\t\t\t\t\t\t<\/tr>\n\t\t\t\t\t\t\t\t\t\t\t\t\t\t<tr class=\"odd gradeX\">\n\t\t\t\t\t\t\t\t<td><a href=\"https:\/\/periodicos.uninove.br\/innovation\" target=\"_blank\">IJI  - International Journal of Innovation<\/a><\/td>\n\t\t\t\t\t\t\t\t<td class=\"text-center\"><center>B1<\/center><\/td>\n\n\t\t\t\t\t\t\t<\/tr>\n\t\t\t\t\t\t\t\t\t\t\t\t\t\t<tr class=\"odd gradeX\">\n\t\t\t\t\t\t\t\t<td><a href=\"https:\/\/periodicos.uninove.br\/iptec\" target=\"_blank\">IPTEC - Revista Inova\u00e7\u00e3o, Projetos e Tecnologias<\/a><\/td>\n\t\t\t\t\t\t\t\t<td class=\"text-center\"><center>B1<\/center><\/td>\n\n\t\t\t\t\t\t\t<\/tr>\n\t\t\t\t\t\t\t\t\t\t\t\t\t\t<tr class=\"odd gradeX\">\n\t\t\t\t\t\t\t\t<td><a href=\"https:\/\/periodicos.uninove.br\/riae\" target=\"_blank\">RIAE - Revista Ibero-Americana de Estrat\u00e9gia<\/a><\/td>\n\t\t\t\t\t\t\t\t<td class=\"text-center\"><center>A3<\/center><\/td>\n\n\t\t\t\t\t\t\t<\/tr>\n\t\t\t\t\t\t\t\t\t\t\t\t\t\t<tr class=\"odd gradeX\">\n\t\t\t\t\t\t\t\t<td><a href=\"https:\/\/periodicos.uninove.br\/exacta\" target=\"_blank\">Exacta - Engenharia de Produ\u00e7\u00e3o<\/a><\/td>\n\t\t\t\t\t\t\t\t<td class=\"text-center\"><center>B1<\/center><\/td>\n\n\t\t\t\t\t\t\t<\/tr>\n\t\t\t\t\t\t\t\t\t\t\t\t\t\t<tr class=\"odd gradeX\">\n\t\t\t\t\t\t\t\t<td><a href=\"https:\/\/periodicos.uninove.br\/podium\" target=\"_blank\">PODIUM - Sport, Leisure and Tourism Review<\/a><\/td>\n\t\t\t\t\t\t\t\t<td class=\"text-center\"><center>A2<\/center><\/td>\n\n\t\t\t\t\t\t\t<\/tr>\n\t\t\t\t\t\t\t\t\t\t\t\t\t\t<tr class=\"odd gradeX\">\n\t\t\t\t\t\t\t\t<td><a href=\"http:\/\/hig.unihorizontes.br\/index.php\/Hig\" target=\"_blank\">HIG - Revista Horizontes Interdisciplinares da Gest\u00e3o<\/a><\/td>\n\t\t\t\t\t\t\t\t<td class=\"text-center\"><center>-<\/center><\/td>\n\n\t\t\t\t\t\t\t<\/tr>\n\t\t\t\t\t\t\t\t\t\t\t\t\t\t<tr class=\"odd gradeX\">\n\t\t\t\t\t\t\t\t<td><a href=\"https:\/\/www.inderscience.com\/jhome.php?jcode=lajmsd\" target=\"_blank\">LAJMSD - Latin American Journal of Management for Sustainable Development<\/a><\/td>\n\t\t\t\t\t\t\t\t<td class=\"text-center\"><center>B1<\/center><\/td>\n\n\t\t\t\t\t\t\t<\/tr>\n\t\t\t\t\t\t\t\t\t\t\t\t\t\t<tr class=\"odd gradeX\">\n\t\t\t\t\t\t\t\t<td><a href=\"https:\/\/periodicos.ufes.br\/ppgadm\" target=\"_blank\">REGEC - Gest\u00e3o & Conex\u00f5es<\/a><\/td>\n\t\t\t\t\t\t\t\t<td class=\"text-center\"><center>A4<\/center><\/td>\n\n\t\t\t\t\t\t\t<\/tr>\n\t\t\t\t\t\t\t\t\t\t\t\t\t\t<tr class=\"odd gradeX\">\n\t\t\t\t\t\t\t\t<td><a href=\"https:\/\/periodicos.uninove.br\/remark\" target=\"_blank\">BJMkt - Brazilian Journal of Marketing<\/a><\/td>\n\t\t\t\t\t\t\t\t<td class=\"text-center\"><center>B1<\/center><\/td>\n\n\t\t\t\t\t\t\t<\/tr>\n\t\t\t\t\t\t\t\t\t\t\t\t\t\t<tr class=\"odd gradeX\">\n\t\t\t\t\t\t\t\t<td><a href=\"http:\/\/revistas.pucsp.br\/CAFI\" target=\"_blank\">CAFI - Contabilidade, Atu\u00e1ria, Finan\u00e7as & Informa\u00e7\u00e3o<\/a><\/td>\n\t\t\t\t\t\t\t\t<td class=\"text-center\"><center>-<\/center><\/td>\n\n\t\t\t\t\t\t\t<\/tr>\n\t\t\t\t\t\t\t\t\t\t\t\t\t\t<tr class=\"odd gradeX\">\n\t\t\t\t\t\t\t\t<td><a href=\"http:\/\/revistas.pucsp.br\/index.php\/cintec\/index\" target=\"_blank\">CINTEC - Relatos de Contabilidade, Inova\u00e7\u00e3o e Tecnologia<\/a><\/td>\n\t\t\t\t\t\t\t\t<td class=\"text-center\"><center>-<\/center><\/td>\n\n\t\t\t\t\t\t\t<\/tr>\n\t\t\t\t\t\t\t\t\t\t\t\t\t\t<tr class=\"odd gradeX\">\n\t\t\t\t\t\t\t\t<td><a href=\"http:\/\/ojs.eniac.com.br\/index.php\/EniacPesquisa\" target=\"_blank\">ENIAC - Revista ENIAC Pesquisa<\/a><\/td>\n\t\t\t\t\t\t\t\t<td class=\"text-center\"><center>B1<\/center><\/td>\n\n\t\t\t\t\t\t\t<\/tr>\n\t\t\t\t\t\t\t\t\t\t\t\t\t\t<tr class=\"odd gradeX\">\n\t\t\t\t\t\t\t\t<td><a href=\"http:\/\/revistahermes.com.br\/\" target=\"_blank\">HERMES - Revista Cient\u00edfica Hermes<\/a><\/td>\n\t\t\t\t\t\t\t\t<td class=\"text-center\"><center>B1<\/center><\/td>\n\n\t\t\t\t\t\t\t<\/tr>\n\t\t\t\t\t\t\t\t\t\t\t\t\t\t<tr class=\"odd gradeX\">\n\t\t\t\t\t\t\t\t<td><a href=\"http:\/\/remipe.fatecosasco.edu.br\/index.php\/remipe\" target=\"_blank\">REMIPE - Revista de Micro e Pequenas Empresas e Empreendedorismo da Fatec Osasco<\/a><\/td>\n\t\t\t\t\t\t\t\t<td class=\"text-center\"><center>B3<\/center><\/td>\n\n\t\t\t\t\t\t\t<\/tr>\n\t\t\t\t\t\t\t\t\t\t\t\t\t\t<tr class=\"odd gradeX\">\n\t\t\t\t\t\t\t\t<td><a href=\"http:\/\/rasi.vr.uff.br\/index.php\/rasi\" target=\"_blank\">RASI - Revista de Administra\u00e7\u00e3o Sociedade e Inova\u00e7\u00e3o<\/a><\/td>\n\t\t\t\t\t\t\t\t<td class=\"text-center\"><center>B3<\/center><\/td>\n\n\t\t\t\t\t\t\t<\/tr>\n\t\t\t\t\t\t\t\t\t\t\t\t\t\t<tr class=\"odd gradeX\">\n\t\t\t\t\t\t\t\t<td><a href=\"http:\/\/rbgn.fecap.br\/RBGN\" target=\"_blank\">RBGN - Revista Brasileira de Gest\u00e3o de Neg\u00f3cios<\/a><\/td>\n\t\t\t\t\t\t\t\t<td class=\"text-center\"><center>A2<\/center><\/td>\n\n\t\t\t\t\t\t\t<\/tr>\n\t\t\t\t\t\t\t\t\t\t\t\t\t\t<tr class=\"odd gradeX\">\n\t\t\t\t\t\t\t\t<td><a href=\"http:\/\/rmr.emnuvens.com.br\/rmr\" target=\"_blank\">RMR - Retail Management Review<\/a><\/td>\n\t\t\t\t\t\t\t\t<td class=\"text-center\"><center>-<\/center><\/td>\n\n\t\t\t\t\t\t\t<\/tr>\n\t\t\t\t\t\t\t\t\t\t\t\t\t\t<tr class=\"odd gradeX\">\n\t\t\t\t\t\t\t\t<td><a href=\"https:\/\/www.emeraldgrouppublishing.com\/journal\/inmr\" target=\"_blank\">INMR - Innovation & Management Review<\/a><\/td>\n\t\t\t\t\t\t\t\t<td class=\"text-center\"><center>A3<\/center><\/td>\n\n\t\t\t\t\t\t\t<\/tr>\n\t\t\t\t\t\t\t\t\t\t\t\t\t\t<tr class=\"odd gradeX\">\n\t\t\t\t\t\t\t\t<td><a href=\"http:\/\/rausp.usp.br\" target=\"_blank\">RAUSP - RAUSP Management Journal<\/a><\/td>\n\t\t\t\t\t\t\t\t<td class=\"text-center\"><center>A2<\/center><\/td>\n\n\t\t\t\t\t\t\t<\/tr>\n\t\t\t\t\t\t\t\t\t\t\t\t\t\t<tr class=\"odd gradeX\">\n\t\t\t\t\t\t\t\t<td><a href=\"https:\/\/periodicos.ufsm.br\/reaufsm\" target=\"_blank\">ReA UFSM - Revista de Administra\u00e7\u00e3o da Universidade Federal de Santa Maria<\/a><\/td>\n\t\t\t\t\t\t\t\t<td class=\"text-center\"><center>A4<\/center><\/td>\n\n\t\t\t\t\t\t\t<\/tr>\n\t\t\t\t\t\t\t\t\t\t\t\t\t\t<tr class=\"odd gradeX\">\n\t\t\t\t\t\t\t\t<td><a href=\"http:\/\/periodicos.pucminas.br\/index.php\/economiaegestao\" target=\"_blank\">E&G - Revista Economia & Gest\u00e3o<\/a><\/td>\n\t\t\t\t\t\t\t\t<td class=\"text-center\"><center>A4<\/center><\/td>\n\n\t\t\t\t\t\t\t<\/tr>\n\t\t\t\t\t\t\t\t\t\t\t\t\t\t<tr class=\"odd gradeX\">\n\t\t\t\t\t\t\t\t<td><a href=\"http:\/\/www.periodicos.ufc.br\/contextus\" target=\"_blank\">Contextus - Revista Contempor\u00e2nea de Economia e Gest\u00e3o<\/a><\/td>\n\t\t\t\t\t\t\t\t<td class=\"text-center\"><center>B1<\/center><\/td>\n\n\t\t\t\t\t\t\t<\/tr>\n\t\t\t\t\t\t\t\t\t\t\t\t\t\t<tr class=\"odd gradeX\">\n\t\t\t\t\t\t\t\t<td><a href=\"http:\/\/www.ijbmkt.org\/index.php\/ijbmkt\" target=\"_blank\">IJBMKT - International Journal of Business & Marketing<\/a><\/td>\n\t\t\t\t\t\t\t\t<td class=\"text-center\"><center>B1<\/center><\/td>\n\n\t\t\t\t\t\t\t<\/tr>\n\t\t\t\t\t\t\t\t\t\t\t\t\t\t<tr class=\"odd gradeX\">\n\t\t\t\t\t\t\t\t<td><a href=\"https:\/\/periodicos.univali.br\/index.php\/ra\" target=\"_blank\">Alcance - Alcance<\/a><\/td>\n\t\t\t\t\t\t\t\t<td class=\"text-center\"><center>A4<\/center><\/td>\n\n\t\t\t\t\t\t\t<\/tr>\n\t\t\t\t\t\t\t\t\t\t\t\t\t\t<tr class=\"odd gradeX\">\n\t\t\t\t\t\t\t\t<td><a href=\"https:\/\/periodicos.feevale.br\/seer\/index.php\/revistagestaoedesenvolvimento\/index\" target=\"_blank\">Gest\u00e3o e Desenvolvimento - Revista Gest\u00e3o e Desenvolvimento<\/a><\/td>\n\t\t\t\t\t\t\t\t<td class=\"text-center\"><center>B1<\/center><\/td>\n\n\t\t\t\t\t\t\t<\/tr>\n\t\t\t\t\t\t\t\t\t\t\t\t\t\t<tr class=\"odd gradeX\">\n\t\t\t\t\t\t\t\t<td><a href=\"http:\/\/revista.unicuritiba.edu.br\/index.php\/admrevista\/index\" target=\"_blank\">AER - Administra\u00e7\u00e3o de Empresas em Revista<\/a><\/td>\n\t\t\t\t\t\t\t\t<td class=\"text-center\"><center>B3<\/center><\/td>\n\n\t\t\t\t\t\t\t<\/tr>\n\t\t\t\t\t\t\t\t\t\t\t\t\t\t<tr class=\"odd gradeX\">\n\t\t\t\t\t\t\t\t<td><a href=\"https:\/\/revistafoco.emnuvens.com.br\/foco\" target=\"_blank\">FOCO - Revista Foco<\/a><\/td>\n\t\t\t\t\t\t\t\t<td class=\"text-center\"><center>B2<\/center><\/td>\n\n\t\t\t\t\t\t\t<\/tr>\n\t\t\t\t\t\t\t\t\t\t\t\t\t\t<tr class=\"odd gradeX\">\n\t\t\t\t\t\t\t\t<td><a href=\"https:\/\/www.revistafuture.org\/FSRJ\" target=\"_blank\">FSRJ - Futurre Studies Research Journal<\/a><\/td>\n\t\t\t\t\t\t\t\t<td class=\"text-center\"><center>A4<\/center><\/td>\n\n\t\t\t\t\t\t\t<\/tr>\n\t\t\t\t\t\t\t\t\t\t\t\t\t\t<tr class=\"odd gradeX\">\n\t\t\t\t\t\t\t\t<td><a href=\"https:\/\/openaccessojs.com\/JBReview\" target=\"_blank\">JPBReview - International Journal of Professional Business Review<\/a><\/td>\n\t\t\t\t\t\t\t\t<td class=\"text-center\"><center>B5<\/center><\/td>\n\n\t\t\t\t\t\t\t<\/tr>\n\t\t\t\t\t\t\t\t\t\t\t\t\t\t<tr class=\"odd gradeX\">\n\t\t\t\t\t\t\t\t<td><a href=\"http:\/\/www.iberoamericancg.org\/\" target=\"_blank\">IJCG - Iberoamerican Journal of Corporate Governance<\/a><\/td>\n\t\t\t\t\t\t\t\t<td class=\"text-center\"><center>B1<\/center><\/td>\n\n\t\t\t\t\t\t\t<\/tr>\n\t\t\t\t\t\t\t\t\t\t\t\t\t\t<tr class=\"odd gradeX\">\n\t\t\t\t\t\t\t\t<td><a href=\"https:\/\/rgsa.emnuvens.com.br\/rgsa\" target=\"_blank\">RGSA - Revista Gest\u00e3o Social e Ambiental<\/a><\/td>\n\t\t\t\t\t\t\t\t<td class=\"text-center\"><center>A3<\/center><\/td>\n\n\t\t\t\t\t\t\t<\/tr>\n\t\t\t\t\t\t\t\t\t\t\t\t\t\t<tr class=\"odd gradeX\">\n\t\t\t\t\t\t\t\t<td><a href=\"http:\/\/revista.unicuritiba.edu.br\/index.php\/RIMA\/index\" target=\"_blank\">RI - Revista Rela\u00e7\u00f5es Internacionais no Mundo Atual<\/a><\/td>\n\t\t\t\t\t\t\t\t<td class=\"text-center\"><center>B5<\/center><\/td>\n\n\t\t\t\t\t\t\t<\/tr>\n\t\t\t\t\t\t\t\t\t\t\t\t\t\t<tr class=\"odd gradeX\">\n\t\t\t\t\t\t\t\t<td><a href=\"http:\/\/www.iberoamericanic.org\/\" target=\"_blank\">RIC - Revista Intelig\u00eancia Competitiva<\/a><\/td>\n\t\t\t\t\t\t\t\t<td class=\"text-center\"><center>B2<\/center><\/td>\n\n\t\t\t\t\t\t\t<\/tr>\n\t\t\t\t\t\t\t\t\t\t\t\t\t\t<tr class=\"odd gradeX\">\n\t\t\t\t\t\t\t\t<td><a href=\"http:\/\/regeusp.com.br\" target=\"_blank\">REGE - Revista de Gest\u00e3o<\/a><\/td>\n\t\t\t\t\t\t\t\t<td class=\"text-center\"><center>A2<\/center><\/td>\n\n\t\t\t\t\t\t\t<\/tr>\n\t\t\t\t\t\t\t\t\t\t\t\t\t\t<tr class=\"odd gradeX\">\n\t\t\t\t\t\t\t\t<td><a href=\"http:\/\/revistagt.fpl.edu.br\/get\" target=\"_blank\">G&T - Revista Gest\u00e3o & Tecnologia<\/a><\/td>\n\t\t\t\t\t\t\t\t<td class=\"text-center\"><center>A4<\/center><\/td>\n\n\t\t\t\t\t\t\t<\/tr>\n\t\t\t\t\t\t\t\t\t\t\t\t\t\t<tr class=\"odd gradeX\">\n\t\t\t\t\t\t\t\t<td><a href=\"https:\/\/journaluts.emnuvens.com.br\/journaluts\" target=\"_blank\">JUTS - Journal of Urban Technology and Sustainability<\/a><\/td>\n\t\t\t\t\t\t\t\t<td class=\"text-center\"><center>-<\/center><\/td>\n\n\t\t\t\t\t\t\t<\/tr>\n\t\t\t\t\t\t\t\t\t\t\t\t\t\t<tr class=\"odd gradeX\">\n\t\t\t\t\t\t\t\t<td><a href=\"https:\/\/www.journalsdg.org\/jlss\" target=\"_blank\">JLSS - Journal of Law and Sustainable Development<\/a><\/td>\n\t\t\t\t\t\t\t\t<td class=\"text-center\"><center>-<\/center><\/td>\n\n\t\t\t\t\t\t\t<\/tr>\n\t\t\t\t\t\t\t\t\t\t\t\t<\/tbody>\n\t\t\t\t<\/table>\n\t\t\t\t\n\n\n\n<p><\/p>\n","protected":false},"excerpt":{"rendered":"<p>The best works will be selected by the journal editors of the following journals to getting directly moved to the peer-review stage, in the following journals:<\/p>\n","protected":false},"author":1,"featured_media":0,"parent":0,"menu_order":0,"comment_status":"closed","ping_status":"closed","template":"","meta":{"footnotes":""},"class_list":["post-5599","page","type-page","status-publish","hentry"],"_links":{"self":[{"href":"https:\/\/singep.org.br\/10\/wp-json\/wp\/v2\/pages\/5599","targetHints":{"allow":["GET"]}}],"collection":[{"href":"https:\/\/singep.org.br\/10\/wp-json\/wp\/v2\/pages"}],"about":[{"href":"https:\/\/singep.org.br\/10\/wp-json\/wp\/v2\/types\/page"}],"author":[{"embeddable":true,"href":"https:\/\/singep.org.br\/10\/wp-json\/wp\/v2\/users\/1"}],"replies":[{"embeddable":true,"href":"https:\/\/singep.org.br\/10\/wp-json\/wp\/v2\/comments?post=5599"}],"version-history":[{"count":4,"href":"https:\/\/singep.org.br\/10\/wp-json\/wp\/v2\/pages\/5599\/revisions"}],"predecessor-version":[{"id":7528,"href":"https:\/\/singep.org.br\/10\/wp-json\/wp\/v2\/pages\/5599\/revisions\/7528"}],"wp:attachment":[{"href":"https:\/\/singep.org.br\/10\/wp-json\/wp\/v2\/media?parent=5599"}],"curies":[{"name":"wp","href":"https:\/\/api.w.org\/{rel}","templated":true}]}}