{"id":5318,"date":"2017-06-09T17:20:35","date_gmt":"2017-06-09T20:20:35","guid":{"rendered":"http:\/\/singep.org.br\/10\/?page_id=5318"},"modified":"2022-05-05T16:01:06","modified_gmt":"2022-05-05T19:01:06","slug":"estrategia","status":"publish","type":"page","link":"https:\/\/singep.org.br\/10\/areas\/estrategia\/","title":{"rendered":"Estrat\u00e9gia"},"content":{"rendered":"\n<p><strong>L\u00edderes: <\/strong><\/p>\n\n\n\n<ul class=\"wp-block-list\"><li>Benny Kramer Costa &#8211; Programa de P\u00f3s-Gradua\u00e7\u00e3o em Administra\u00e7\u00e3o da Universidade Nove de Julho (UNINOVE); Universidade de S\u00e3o Paulo (USP).<\/li><li>Thiago de Luca Sant&#8217;ana Ribeiro &#8211; Instituto Federal de Educa\u00e7\u00e3o, Ci\u00eancia e Tecnologia de S\u00e3o Paulo (IFSP); Egressos do Programa de P\u00f3s-Gradua\u00e7\u00e3o em Administra\u00e7\u00e3o da Universidade Nove de Julho (UNINOVE).<\/li><li>Naiche van der Poel &#8211; Doutorando do Programa de P\u00f3s-Gradua\u00e7\u00e3o em Administra\u00e7\u00e3o da Universidade Nove de Julho (UNINOVE).<\/li><li>Renato Fabiano Cintra &#8211; Programa de Mestrado Profissional de Administra\u00e7\u00e3o P\u00fablica (PROFIAP); Universidade Federal da Grande Dourados (UFGD); Egresso do Programa de P\u00f3s-Gradua\u00e7\u00e3o em Administra\u00e7\u00e3o da Universidade Nove de Julho (UNINOVE).<\/li><\/ul>\n\n\n\n<div style=\"height:25px\" aria-hidden=\"true\" class=\"wp-block-spacer\"><\/div>\n\n\n\n<h3 class=\"wp-block-heading\">Temas:<\/h3>\n\n\n\n<ol class=\"wp-block-list\"><li>Estrat\u00e9gia Comportamental<\/li><li>Estrat\u00e9gia Corporativa e Competitiva<\/li><li>Estrat\u00e9gia Cooperativa e de Stakeholders<\/li><li>Estrat\u00e9gia e Internacionaliza\u00e7\u00e3o<\/li><li>Estrat\u00e9gia e Organiza\u00e7\u00f5es<\/li><li>Estrat\u00e9gia, Lideran\u00e7a e Governan\u00e7a<\/li><li>Estrat\u00e9gia no Contexto da Gest\u00e3o P\u00fablica e do 3\u00ba Setor<\/li><li>T\u00f3picos Especiais em Estrat\u00e9gia<\/li><\/ol>\n","protected":false},"excerpt":{"rendered":"<p>L\u00edderes: Benny Kramer Costa &#8211; Programa de P\u00f3s-Gradua\u00e7\u00e3o em Administra\u00e7\u00e3o da Universidade Nove de Julho (UNINOVE); Universidade de S\u00e3o Paulo (USP). Thiago de Luca Sant&#8217;ana Ribeiro &#8211; Instituto Federal de Educa\u00e7\u00e3o, Ci\u00eancia e Tecnologia de S\u00e3o Paulo (IFSP); Egressos do Programa de P\u00f3s-Gradua\u00e7\u00e3o em Administra\u00e7\u00e3o da Universidade Nove de Julho (UNINOVE). Naiche van der Poel [&hellip;]<\/p>\n","protected":false},"author":1,"featured_media":0,"parent":30,"menu_order":0,"comment_status":"closed","ping_status":"closed","template":"","meta":{"footnotes":""},"class_list":["post-5318","page","type-page","status-publish","hentry"],"_links":{"self":[{"href":"https:\/\/singep.org.br\/10\/wp-json\/wp\/v2\/pages\/5318","targetHints":{"allow":["GET"]}}],"collection":[{"href":"https:\/\/singep.org.br\/10\/wp-json\/wp\/v2\/pages"}],"about":[{"href":"https:\/\/singep.org.br\/10\/wp-json\/wp\/v2\/types\/page"}],"author":[{"embeddable":true,"href":"https:\/\/singep.org.br\/10\/wp-json\/wp\/v2\/users\/1"}],"replies":[{"embeddable":true,"href":"https:\/\/singep.org.br\/10\/wp-json\/wp\/v2\/comments?post=5318"}],"version-history":[{"count":6,"href":"https:\/\/singep.org.br\/10\/wp-json\/wp\/v2\/pages\/5318\/revisions"}],"predecessor-version":[{"id":7091,"href":"https:\/\/singep.org.br\/10\/wp-json\/wp\/v2\/pages\/5318\/revisions\/7091"}],"up":[{"embeddable":true,"href":"https:\/\/singep.org.br\/10\/wp-json\/wp\/v2\/pages\/30"}],"wp:attachment":[{"href":"https:\/\/singep.org.br\/10\/wp-json\/wp\/v2\/media?parent=5318"}],"curies":[{"name":"wp","href":"https:\/\/api.w.org\/{rel}","templated":true}]}}