{"id":4341,"date":"2015-06-18T16:40:30","date_gmt":"2015-06-18T19:40:30","guid":{"rendered":"https:\/\/singep.org.br\/?page_id=4341"},"modified":"2022-11-20T11:33:17","modified_gmt":"2022-11-20T14:33:17","slug":"programacao","status":"publish","type":"page","link":"https:\/\/singep.org.br\/10\/programacao\/","title":{"rendered":"Programa\u00e7\u00e3o"},"content":{"rendered":"\n<h2 class=\"wp-block-heading\">PROGRAMA\u00c7\u00c3O PRELIMINAR &#8211; X SINGEP-CIK<\/h2>\n\n\n\n<p>*<strong>Hor\u00e1rio de Bras\u00edlia (Brasil)<\/strong><\/p>\n\n\n\n<div class=\"wp-block-buttons is-layout-flex wp-block-buttons-is-layout-flex\">\n<div class=\"wp-block-button is-style-fill\"><a class=\"wp-block-button__link wp-element-button\" href=\"https:\/\/singep.org.br\/10\/wp-content\/uploads\/sites\/9\/2022\/10\/Programacao-Completa-Singep-v6.pdf\" style=\"border-radius:0px\">Programa\u00e7\u00e3o detalhada de apresenta\u00e7\u00e3o dos trabalhos<\/a><\/div>\n<\/div>\n\n\n\n<div style=\"height:21px\" aria-hidden=\"true\" class=\"wp-block-spacer\"><\/div>\n\n\n\n<hr class=\"wp-block-separator has-css-opacity\"\/>\n\n\n\n<p><strong>1\u00ba DIA DO EVENTO<\/strong><\/p>\n\n\n\n<figure class=\"wp-block-table is-style-stripes\"><table><thead><tr><th><strong>Hor\u00e1rio*<\/strong><br><\/th><th><strong>26 de outubro de 2022 (Quarta-feira)<\/strong><br><\/th><\/tr><\/thead><tbody><tr><td> <p><strong>9h30<\/strong><\/p><\/td><td> <strong style=\"font-size: revert; font-family: inherit; color: initial;\">Credenciamento online \u2013 X SINGEP-CIK<\/strong><\/td><\/tr><tr><td> <p><strong>10h \u2013 10h15<\/strong><\/p><\/td><td> <strong style=\"font-size: revert; font-family: inherit; background-color: transparent; color: initial;\">Solenidade de Abertura<\/strong><p>Prof. Eduardo Storopoli \/ Profa. Maria Cristina Storopoli (Reitoria\/Pr\u00f3-Reitoria da Universidade Nove de Julho)<\/p><p>Prof. Dr. Nader Asgary (Professor da Bentley University \u2013 EUA, Diretor do CIK \u2013 Cyrus Institute of Knowledge, e Presidente da Comiss\u00e3o Organizadora da 10\u00aa Confer\u00eancia Internacional do CIK).<\/p><p>Profa. Dra. Cristina Dai Pr\u00e1 Martens (Diretora do Programa de P\u00f3s-gradua\u00e7\u00e3o em Gest\u00e3o de Projetos da Universidade Nove de Julho, PPGP-UNINOVE, e Presidente da Comiss\u00e3o Organizadora do X SINGEP).<\/p><p>Profa. Dra. Priscila Rezende da Costa (Diretora do Programa de P\u00f3s-Gradua\u00e7\u00e3o em Administra\u00e7\u00e3o da Universidade Nove de Julho, PPGA-UNINOVE)<\/p><\/td><\/tr><tr><td> <p><strong>10h15 \u2013 11h40<\/strong><\/p><\/td><td><strong style=\"font-size: revert; font-family: inherit; color: initial;\">Plen\u00e1ria de abertura: Empreendedorismo Inovador e Sustentabilidade para o Combate \u00e0s Mudan\u00e7as Clim\u00e1ticas<\/strong><p>Conferencistas: <strong>Prof. Dr. Eusebio Scornavacca<\/strong> (School for the Future of Innovation in Society, College of Global Futures, and Thunderbird School of Global Management at Arizona State University \u2013 EUA), <strong>Prof. Dr. Ernesto D. R. Santibanez Gonzalez<\/strong> (Universidad de Talca \u2013 Chile) e <strong>Prof. Dr. Barrak Alahmad <\/strong>(Research Fellow &#8211; Exposure, Epidemiology &amp; Risk (EER) Program Environmental Health Department, T.H. Chan School of Public Health &#8211; Harvard University \u2013 USA)<\/p><p>Moderadora: Prof. Dra. Priscila Rezende da Costa (Diretora do Programa de P\u00f3s-gradua\u00e7\u00e3o em Administra\u00e7\u00e3o da Universidade Nove de Julho, PPGA-UNINOVE).<\/p><p>Debatedor: Profa. Dra. Cl\u00e1udia Terezinha Kniess (Professora na UNIFESP e no Programa de P\u00f3s-gradua\u00e7\u00e3o em Engenharia Civil da USJT. Pesquisadora Colaboradora no Centro de S\u00edntese Cidades Globais &#8211; Instituto de Estudos Avan\u00e7ados da USP).<\/p><\/td><\/tr><tr><td> <p><strong>11h40 \u2013 12h<\/strong><\/p><\/td><td> <strong style=\"font-size: revert; font-family: inherit; background-color: transparent; color: initial;\">Intervalo \/ Networking<\/strong><\/td><\/tr><tr><td> <p><strong>12h \u2013 13h30<\/strong><\/p><\/td><td> <strong style=\"font-size: revert; font-family: inherit; color: initial;\">Sess\u00f5es paralelas de apresenta\u00e7\u00e3o de p\u00f4steres<\/strong><\/td><\/tr><tr><td> <p><strong>12h \u2013 13h30<\/strong><\/p><\/td><td> <strong style=\"font-size: revert; font-family: inherit; background-color: transparent; color: initial;\">Encontro de Editores e Autores: Melhores pr\u00e1ticas para dissemina\u00e7\u00e3o dos resultados das pesquisas acad\u00eamicas para profissionais praticantes<\/strong><p>Organiza\u00e7\u00e3o: Profa. Dra. Cristiane Drebes Pedron (Programa de P\u00f3s-gradua\u00e7\u00e3o em Gest\u00e3o de Projetos da Universidade Nove de Julho &#8211; PPGP-UNINOVE, e Programa de P\u00f3s-gradua\u00e7\u00e3o em Administra\u00e7\u00e3o da Universidade Nove de Julho, PPGA-UNINOVE, Editora-Adjunta da Revista IPTEC).<\/p><p>Editores convidados:<strong> <\/strong><\/p><p><strong style=\"font-family: inherit; font-size: revert; background-color: transparent; color: initial;\">Gustavo da Silva Motta<\/strong><span style=\"font-family: inherit; font-size: revert; font-weight: inherit; background-color: transparent; color: initial;\">&nbsp;(Professor da UFF &#8211; Universidade Federal Fluminense)<\/span><span style=\"font-family: inherit; font-size: inherit; font-weight: inherit; background-color: transparent; color: initial;\"> <\/span><\/p><p><strong>Talles Vianna Brugni<\/strong>&nbsp;(Professor da Fucape Business School)<\/p><strong>Prof. Dr. Dina Frutos-Bencze<\/strong> (Saint Anselm College, Manchester, NH, USA)<\/td><\/tr><tr><td> <p><strong>13h30 \u2013 14h30<\/strong><\/p><\/td><td> <strong style=\"font-size: revert; font-family: inherit; color: initial;\">Intervalo livre<\/strong><\/td><\/tr><tr><td> <p><strong>14h30 \u2013 16h30<\/strong><\/p><\/td><td> <strong style=\"font-size: revert; font-family: inherit; background-color: transparent; color: initial;\">Sess\u00f5es paralelas de apresenta\u00e7\u00e3o de trabalhos<\/strong><\/td><\/tr><tr><td> <p><strong>14h30 \u2013 16h30<\/strong><\/p><\/td><td> <strong style=\"font-size: revert; font-family: inherit; color: initial;\">Plen\u00e1ria&nbsp;CIK: Estrat\u00e9gias de Ensino Superior, Internacionaliza\u00e7\u00e3o da Educa\u00e7\u00e3o para a Era P\u00f3s Covid<\/strong><p>Moderador: Nader Asgary, President of CIK and Professor at Bentley University, MA, USA<\/p><p>Painelistas:<\/p>Thami Ghorfi, President of ESCA University, Casablanca, Morocco<br><br>Emerson Maccari, professor of Management, Nove de Julho University<br><br>Hamid Farooqi, former Canceler of Kabul University, Afghanistan<br><br>Helo\u00edsa Hollnagel former, International Relations Director &#8211; CAPES, Brazil<br><br>Ricardo Bueno, Federal University of S\u00e3o Paulo \u2013 UNIFESP, Brazil<br><br>Joseph Weiss and Nader Asgary, Bentley University, Waltham MA, USA <\/td><\/tr><tr><td> <p><strong>16h30 \u2013 16h45<\/strong><\/p><\/td><td> <strong style=\"font-size: revert; font-family: inherit; background-color: transparent; color: initial;\">Intervalo \/ Networking<\/strong><\/td><\/tr><tr><td> <p><strong>16h45 \u2013 18h45<\/strong><\/p><\/td><td> <strong style=\"font-size: revert; font-family: inherit; color: initial;\">Sess\u00f5es paralelas de apresenta\u00e7\u00e3o de trabalhos<\/strong><\/td><\/tr><\/tbody><\/table><\/figure>\n\n\n\n<p><strong>2\u00ba DIA DO EVENTO<\/strong><\/p>\n\n\n\n<figure class=\"wp-block-table is-style-stripes\"><table><thead><tr><th><strong>Hor\u00e1rio<\/strong><\/th><th><strong>27 de outubro de 2022 (Quinta-feira)<\/strong><br><\/th><\/tr><\/thead><tbody><tr><td> <p><strong>9h30<\/strong><\/p><\/td><td> <strong style=\"font-size: revert; font-family: inherit; color: initial;\">Credenciamento online \u2013 SINGEP-CIK<\/strong><\/td><\/tr><tr><td> <p><strong>10h \u2013 11h45<\/strong><\/p><\/td><td> <strong style=\"font-size: revert; font-family: inherit; background-color: transparent; color: initial;\">Painel SINGEP: Pr\u00e1ticas de Inova\u00e7\u00e3o e Sustentabilidade na Gest\u00e3o de Projetos em PMEs<\/strong><p>Painelistas:&nbsp;<strong>Profa. Dra. Anabela Pereira Tereso<\/strong>&nbsp;(Coordenadora do Observat\u00f3rio Portugu\u00eas de Gest\u00e3o de Projetos, Universidade do Minho) e&nbsp;<strong>Prof. Dr. Jairo Cardoso de Oliveira<\/strong>&nbsp;(Head of Project Management Office &#8211; SPI Integra\u00e7\u00e3o de Sistemas e Diretor T\u00e9cnico de Certifica\u00e7\u00f5es do IPMA-BR).<\/p><p>Moderadora:&nbsp;Profa. Dra. Cristina Dai Pr\u00e1 Martens (Programa de P\u00f3s-gradua\u00e7\u00e3o em Gest\u00e3o de Projetos da Universidade Nove de Julho &#8211; PPGP-UNINOVE, e Programa de P\u00f3s-gradua\u00e7\u00e3o em Administra\u00e7\u00e3o da Universidade Nove de Julho, PPGA-UNINOVE).<\/p><p>Debatedora: Profa. Dra. Isabel Cristina Scafuto (Professora do Programa de P\u00f3s-gradua\u00e7\u00e3o em Gest\u00e3o de Projetos da Universidade Nove de Julho, PPGP-UNINOVE).<\/p><\/td><\/tr><tr><td><p><strong>10h \u2013 11h45<\/strong><\/p><\/td><td><strong>Plen\u00e1ria CIK: Afghanistan past, presention, and the future: a conversation&nbsp;<\/strong><br><br>Introduction by: Robert E. McNulty, Executive Director of Applied Ethics, Inc. and the Pax Populi Peace Program&nbsp;<br><br>Tom Barfield: Professor and Chair of the Anthropology Department, Boston University, and President of the American Institute for Afghan Studies.&nbsp;<br><br>Hamidullah Farooqi: Chancellor of Kabul University and Minister for Transportation and Civil Aviation and Minister of Martyrs and Disabled Affairs for Afghanistan.<br><br>Islam Iqbal: Afghan Social Entrepreneur who Led the Kabul Educational Advisory Center (KEAC). He is Also a Member of the World Economic Forum\u2019s Global Shapers Community.<br><br>\u201cZ\u201d: A Nonprofit Leader: She Resides in Afghanistan. Z is well Acquainted about Women Living Conditions Under the Taliban Regime.<\/td><\/tr><tr><td> <strong style=\"font-size: revert; font-family: inherit; background-color: transparent; color: initial;\">11h45 \u2013 12h<\/strong><\/td><td> <strong style=\"font-size: revert; font-family: inherit; background-color: transparent; color: initial;\">Intervalo \/ Networking<\/strong><\/td><\/tr><tr><td> <strong style=\"font-size: revert; font-family: inherit; color: initial;\">12h \u2013 14h<\/strong><\/td><td> <strong style=\"font-size: revert; font-family: inherit; color: initial;\">Sess\u00f5es paralelas de apresenta\u00e7\u00e3o de trabalhos<\/strong><\/td><\/tr><tr><td> <strong style=\"font-size: revert; font-family: inherit; background-color: transparent; color: initial;\">12h \u2013 14h<\/strong><\/td><td> <strong style=\"font-size: revert; font-family: inherit; background-color: transparent; color: initial;\">Paper Development Workshop (PDW): Editores das revistas<\/strong><p>Coordena\u00e7\u00e3o: Profa. Dra. Heidy Rodriguez Ramos (Professora do Programa de P\u00f3s-gradua\u00e7\u00e3o em Administra\u00e7\u00e3o, PPGA-UNINOVE e do Programa de P\u00f3s-Gradua\u00e7\u00e3o em Cidades Inteligentes e Sustent\u00e1veis, PPG-CIS, UNINOVE).<\/p><\/td><\/tr><tr><td> <strong style=\"font-size: revert; font-family: inherit; color: initial;\">14h \u2013 15h<\/strong><\/td><td> <strong style=\"font-size: revert; font-family: inherit; color: initial;\">Intervalo livre<\/strong><\/td><\/tr><tr><td> <strong style=\"font-size: revert; font-family: inherit; background-color: transparent; color: initial;\">15h \u2013 17h<\/strong><\/td><td> <strong style=\"font-size: revert; font-family: inherit; background-color: transparent; color: initial;\">Cons\u00f3rcio Doutoral Internacional<\/strong><span style=\"font-size: revert; font-family: inherit; font-weight: inherit; background-color: transparent; color: initial;\">Coordena\u00e7\u00e3o nacional: Prof. Dr. Emerson Antonio Maccari (Professor do Programa de P\u00f3s-gradua\u00e7\u00e3o em Administra\u00e7\u00e3o &#8211; PPGA-UNINOVE, e Professor do Programa de P\u00f3s-gradua\u00e7\u00e3o em Gest\u00e3o de Projetos &#8211; PPGP-UNINOVE).Coordena\u00e7\u00e3o estrangeira: Prof. Dr. Nader Asgary (Professor da Bentley University \u2013 EUA, Diretor do CIK \u2013 Cyrus Institute of Knowledge, e Presidente da Comiss\u00e3o Organizadora do X International Conference Cyrus).<\/span>Banca examinadora:<br><br>Leonel Cezar Rodrigues \u2013 Araraquara University \u2013 Brasil<br><br>Alf Walle, Cyrus Institute of Knowledge, Cambridge MA, EUA<br><br>Ahmad Etebari, University of New Hampshire, NH, EUA<\/td><\/tr><tr><td> <strong style=\"font-size: revert; font-family: inherit; color: initial;\">16h30 \u2013 18h30<\/strong><\/td><td> <strong style=\"font-size: revert; font-family: inherit; color: initial;\">Sess\u00f5es paralelas de apresenta\u00e7\u00e3o de trabalhos<\/strong><\/td><\/tr><tr><td> <strong style=\"font-size: revert; font-family: inherit; background-color: transparent; color: initial;\">17h15 \u2013 18h30<\/strong> <\/td><td> <strong style=\"font-size: revert; font-family: inherit; background-color: transparent; color: initial;\">Plen\u00e1ria CIK: Exploring grants, sharing experiences, building networks<\/strong><p>Session Chair: Nader Asgary, President of CIK and Professor at Bentley University, USA<br><\/p><p>Kayhan Tajeddini, Sheffield Hallam University, UK<br><\/p><p>Emerson Maccari, University of Nine July, Brazil and Former General Coordinator for <\/p><p>International Scholarship \u2013 CAPES, Ministry of Education, Brazil<br><\/p><p>Fadwa Chaker, School of Management, ESCA Ecole de Management, Morocco&nbsp;<br><\/p><p>Ricardo Bueno, Federal University of S\u00e3o Paulo \u2013 UNIFESP, Brazil<br><\/p><p>Hossein Varamini, Elizabethtown College, PA, USA<span style=\"font-family: inherit; font-size: inherit; font-weight: inherit; background-color: transparent; color: initial;\"> <\/span><\/p><\/td><\/tr><tr><td> <strong style=\"font-size: revert; font-family: inherit; color: initial;\">18h30 \u2013 18h45<\/strong><\/td><td> <strong style=\"font-size: revert; font-family: inherit; color: initial;\">Intervalo \/ Networking<\/strong><\/td><\/tr><tr><td> <strong style=\"font-size: revert; font-family: inherit; background-color: transparent; color: initial;\">18h45<\/strong> <\/td><td> <strong style=\"font-size: revert; font-family: inherit; background-color: transparent; color: initial;\">Cerim\u00f4nia de Premia\u00e7\u00e3o:<\/strong> <p><strong>Premia\u00e7\u00e3o dos Melhores Trabalhos<\/strong><a name=\"_ftnref1\" href=\"#_ftn1\"><strong>[1]<\/strong><\/a><strong>&nbsp;do Evento (5 categorias<\/strong><a name=\"_ftnref2\" href=\"#_ftn2\"><strong>[2]<\/strong><\/a><strong>)<\/strong><\/p> <p><strong>Premia\u00e7\u00e3o das Melhores Teses e Disserta\u00e7\u00f5es<\/strong><a name=\"_ftnref3\" href=\"#_ftn3\"><strong>[3]<\/strong><\/a><strong>&nbsp;(2 categorias<\/strong><a name=\"_ftnref4\" href=\"#_ftn4\"><strong>[4]<\/strong><\/a><strong>)<\/strong><\/p> <p>Organiza\u00e7\u00e3o: Prof. Dr. Julio Araujo Carneiro da Cunha (Professor do Programa de P\u00f3s-gradua\u00e7\u00e3o em Administra\u00e7\u00e3o da Universidade Nove&nbsp;de Julho, PPGA-UNINOVE).<\/p> <\/td><\/tr><\/tbody><\/table><\/figure>\n\n\n\n<p><strong>3\u00ba DIA DO EVENTO<\/strong><\/p>\n\n\n\n<figure class=\"wp-block-table is-style-stripes programacao\"><table><thead><tr><th><strong>Hor\u00e1rio<\/strong><\/th><th><strong>28 de outubro de 2022 (sexta-feira)<\/strong><br><\/th><\/tr><\/thead><tbody><tr><td> <strong style=\"font-size: revert; font-family: inherit; color: initial;\">9h \u00e0s 10h45<\/strong> <\/td><td> <strong style=\"font-size: revert; font-family: inherit; color: initial;\">Workshop: \u201cProcesso de pesquisa qualitativa: da entrevista \u00e0 an\u00e1lise de dados\u201d<\/strong> <p>Prof. Dr.&nbsp;Luciano Ferreira da Silva (Professor na Universidade Nove de Julho, PPGP-UNINOVE)<\/p> <\/td><\/tr><tr><td> <strong style=\"font-size: revert; font-family: inherit; background-color: transparent; color: initial;\">10h45 \u2013 11h<\/strong> <\/td><td> <strong style=\"font-size: revert; font-family: inherit; background-color: transparent; color: initial;\">Intervalo \/ Networking<\/strong> <\/td><\/tr><tr><td> <strong style=\"font-size: revert; font-family: inherit; color: initial;\">11h \u2013 12h45<\/strong> <\/td><td> <strong style=\"font-size: revert; font-family: inherit; color: initial;\">Workshop: \u201cAn\u00e1lise de equa\u00e7\u00f5es estruturais usando SMART PLS\u201d<\/strong> <p>Prof. Dr. Dirceu da Silva (Professor na Universidade Estadual de Campinas &#8211; UNICAMP)<\/p><\/td><\/tr><tr><td> <strong style=\"font-size: revert; font-family: inherit; background-color: transparent; color: initial;\">12h45 \u00e0s&nbsp;<\/strong><strong style=\"font-size: revert; font-family: inherit; background-color: transparent; color: initial;\">14h<\/strong> <\/td><td> <strong style=\"font-size: revert; font-family: inherit; background-color: transparent; color: initial;\">Intervalo livre<\/strong> <\/td><\/tr><tr><td> <strong style=\"font-size: revert; font-family: inherit; color: initial;\">14h \u00e0s 15h45<\/strong> <\/td><td> <strong style=\"font-size: revert; font-family: inherit; color: initial;\">Workshop: \u201cDesenvolvimento de escalas\u201d<\/strong> <p>Prof. Dr. Marcelo Luiz Dias da Silva Gabriel (Professor na ESPM &#8211; Escola Superior de Propaganda e Marketing)<\/p><\/td><\/tr><tr><td> <strong style=\"font-size: revert; font-family: inherit; background-color: transparent; color: initial;\">15h45 \u00e0s 16h<\/strong> <\/td><td> <strong style=\"font-size: revert; font-family: inherit; background-color: transparent; color: initial;\">Intervalo \/ Networking<\/strong> <\/td><\/tr><tr><td> <strong style=\"font-size: revert; font-family: inherit; color: initial;\">16h \u00e0s 17h45<\/strong> <\/td><td> <strong style=\"font-size: revert; font-family: inherit; color: initial;\">Workshop: \u201cModelos de media\u00e7\u00e3o e modera\u00e7\u00e3o usando Process\u201d<\/strong> <p>Prof. Dr.<strong>&nbsp;<\/strong>Fl\u00e1vio Santino Bizarrias (Professor na Universidade Nove de Julho, PPGP-UNINOVE) e Prof. Dr. Leonardo Vils (Professor PPGP-UNINOVE, Universidade Nove de Julho, PPGP-UNINOVE)<\/p><\/td><\/tr><tr><td> <strong style=\"font-size: revert; font-family: inherit; background-color: transparent; color: initial;\">17h45<\/strong> <\/td><td> <strong style=\"font-size: revert; font-family: inherit; background-color: transparent; color: initial;\">Encerramento do X SINGEP-CIK<\/strong> <\/td><\/tr><\/tbody><\/table><\/figure>\n\n\n\n<p><a href=\"#_ftnref1\" name=\"_ftn1\">[1]<\/a>Crit\u00e9rios adotados para a sele\u00e7\u00e3o dos melhores trabalhos do evento: qualidade, clareza e reda\u00e7\u00e3o do texto; atualidade do tema do trabalho; clareza nos objetivos; adequa\u00e7\u00e3o metodol\u00f3gica; forma de apresenta\u00e7\u00e3o dos dados quantitativos ou qualitativos; embasamento, amplitude e corre\u00e7\u00e3o face aos resultados obtidos; e consist\u00eancia e abrang\u00eancia das refer\u00eancias.&nbsp;<\/p>\n\n\n\n<p><a name=\"_ftn2\" href=\"#_ftnref2\">[2]<\/a>(1) Categoria &#8220;Melhor artigo Cient\u00edfico&#8221;, envolvendo a indica\u00e7\u00e3o dos tr\u00eas melhores trabalhos por divis\u00e3o (Estrat\u00e9gia; Gest\u00e3o de Projetos; Ind\u00fastria 4.0; Inova\u00e7\u00e3o e Empreendedorismo; Marketing; Sustentabilidade), sendo duas men\u00e7\u00f5es honrosas e um trabalho escolhido como o melhor da divis\u00e3o; (2) Categoria &#8220;Melhor Relato T\u00e9cnico&#8221;, contemplando a indica\u00e7\u00e3o de duas men\u00e7\u00f5es honrosas e a escolha do melhor relato t\u00e9cnico do evento; (3) Categoria &#8220;Melhor P\u00f4ster&#8221;, envolvendo o destaque para os tr\u00eas melhores p\u00f4steres apresentados no evento e a sele\u00e7\u00e3o do melhor p\u00f4ster do evento; (4) Categoria &#8220;Melhor Trabalho do X SINGEP&#8221;, mediante a sele\u00e7\u00e3o do melhor trabalho geral do evento; (5) Categoria &#8220;Avaliador de Destaque&#8221; para o melhor avaliador de cada uma das seis divis\u00f5es do evento&#8221;.<\/p>\n\n\n\n<p><a href=\"#_ftnref3\" name=\"_ftn3\">[3]<\/a>Crit\u00e9rios adotados para a sele\u00e7\u00e3o das melhores Teses e Disserta\u00e7\u00f5es:&nbsp;a originalidade do trabalho; sua relev\u00e2ncia para o desenvolvimento cient\u00edfico, tecnol\u00f3gico, cultural, social e de inova\u00e7\u00e3o.<\/p>\n\n\n\n<p><a href=\"#_ftnref4\" name=\"_ftn4\">[4]<\/a>(1) Categoria \u201cMelhor Disserta\u00e7\u00e3o\u201d, envolvendo a sele\u00e7\u00e3o das tr\u00eas melhores disserta\u00e7\u00f5es por programa (PPGA e PPGP);<\/p>\n\n\n\n<p>(2) Categoria \u201cMelhor Tese\u201d, contemplando a sele\u00e7\u00e3o das tr\u00eas melhores teses por programa (PPGA e PPGP).<\/p>\n","protected":false},"excerpt":{"rendered":"<p>PROGRAMA\u00c7\u00c3O PRELIMINAR &#8211; X SINGEP-CIK *Hor\u00e1rio de Bras\u00edlia (Brasil) 1\u00ba DIA DO EVENTO Hor\u00e1rio* 26 de outubro de 2022 (Quarta-feira) 9h30 Credenciamento online \u2013 X SINGEP-CIK 10h \u2013 10h15 Solenidade de Abertura Prof. Eduardo Storopoli \/ Profa. Maria Cristina Storopoli (Reitoria\/Pr\u00f3-Reitoria da Universidade Nove de Julho) Prof. Dr. Nader Asgary (Professor da Bentley University \u2013 [&hellip;]<\/p>\n","protected":false},"author":1,"featured_media":0,"parent":0,"menu_order":0,"comment_status":"closed","ping_status":"open","template":"","meta":{"footnotes":""},"class_list":["post-4341","page","type-page","status-publish","hentry"],"_links":{"self":[{"href":"https:\/\/singep.org.br\/10\/wp-json\/wp\/v2\/pages\/4341","targetHints":{"allow":["GET"]}}],"collection":[{"href":"https:\/\/singep.org.br\/10\/wp-json\/wp\/v2\/pages"}],"about":[{"href":"https:\/\/singep.org.br\/10\/wp-json\/wp\/v2\/types\/page"}],"author":[{"embeddable":true,"href":"https:\/\/singep.org.br\/10\/wp-json\/wp\/v2\/users\/1"}],"replies":[{"embeddable":true,"href":"https:\/\/singep.org.br\/10\/wp-json\/wp\/v2\/comments?post=4341"}],"version-history":[{"count":33,"href":"https:\/\/singep.org.br\/10\/wp-json\/wp\/v2\/pages\/4341\/revisions"}],"predecessor-version":[{"id":7983,"href":"https:\/\/singep.org.br\/10\/wp-json\/wp\/v2\/pages\/4341\/revisions\/7983"}],"wp:attachment":[{"href":"https:\/\/singep.org.br\/10\/wp-json\/wp\/v2\/media?parent=4341"}],"curies":[{"name":"wp","href":"https:\/\/api.w.org\/{rel}","templated":true}]}}