{"id":35,"date":"2014-05-23T14:11:16","date_gmt":"2014-05-23T17:11:16","guid":{"rendered":"http:\/\/impermad.com.br\/singep\/?page_id=35"},"modified":"2022-04-28T16:46:46","modified_gmt":"2022-04-28T19:46:46","slug":"modalidade-artigo-cientifico","status":"publish","type":"page","link":"https:\/\/singep.org.br\/10\/regras-para-submissao\/modalidade-artigo-cientifico\/","title":{"rendered":"Modalidade Artigo Cient\u00edfico"},"content":{"rendered":"<p><strong>Template:<\/strong> A utiliza\u00e7\u00e3o do template \u00e9 obrigat\u00f3ria. Arquivos que forem encaminhados sem o template ser\u00e3o automaticamente desclassificados. (<a href=\"https:\/\/singep.org.br\/10\/wp-content\/uploads\/sites\/9\/2022\/04\/template_XSINGEP_Artigo-Cientifico_2022.docx\">clique aqui para fazer o Download<\/a>).<\/p>\n<p>O artigo cient\u00edfico deve conter no m\u00ednimo oito (8) e no m\u00e1ximo de dezesseis (16) p\u00e1ginas, incluindo resumo, ilustra\u00e7\u00f5es, refer\u00eancias e notas de final de texto.<\/p>\n<p><strong>Estrutura sugerida para o artigo cient\u00edfico:<\/strong><strong>\u00a0<\/strong><\/p>\n<p><strong>Conte\u00fado da primeira p\u00e1gina do trabalho:<\/strong><\/p>\n<ul>\n<li>T\u00edtulo do trabalho: letras mai\u00fasculas, centralizado<\/li>\n<li>Resumo: Em portugu\u00eas, texto justificado, fonte Times New Roman, corpo 12, espa\u00e7amento simples (entre caracteres, palavras e linhas), no m\u00ednimo 100 e no m\u00e1ximo 200 palavras. Deve conter objetivos, metodologia, principais resultados e conclus\u00f5es em texto corrido.<\/li>\n<li>Palavras-chave: no m\u00ednimo tr\u00eas (3), no m\u00e1ximo cinco (5).<\/li>\n<li>Abstract: deve ser registrado nos mesmos par\u00e2metros do resumo em portugu\u00eas.<\/li>\n<li>Keywords: devem ser registradas nos mesmos par\u00e2metros das palavras-chave em portugu\u00eas.<\/li>\n<\/ul>\n<p><strong>Conte\u00fado da segunda p\u00e1gina do trabalho em diante (parte textual):<\/strong><\/p>\n<ul>\n<li>Introdu\u00e7\u00e3o (contendo tema, problema de pesquisa e objetivos)<\/li>\n<li>Referencial Te\u00f3rico<\/li>\n<li>Metodologia<\/li>\n<li>An\u00e1lise dos resultados<\/li>\n<li>Conclus\u00f5es\/Considera\u00e7\u00f5es finais<\/li>\n<li>Refer\u00eancias<\/li>\n<\/ul>\n","protected":false},"excerpt":{"rendered":"<p>Template: A utiliza\u00e7\u00e3o do template \u00e9 obrigat\u00f3ria. Arquivos que forem encaminhados sem o template ser\u00e3o automaticamente desclassificados. (clique aqui para fazer o Download). O artigo cient\u00edfico deve conter no m\u00ednimo oito (8) e no m\u00e1ximo de dezesseis (16) p\u00e1ginas, incluindo resumo, ilustra\u00e7\u00f5es, refer\u00eancias e notas de final de texto. Estrutura sugerida para o artigo cient\u00edfico:\u00a0 [&hellip;]<\/p>\n","protected":false},"author":1,"featured_media":0,"parent":32,"menu_order":0,"comment_status":"closed","ping_status":"closed","template":"","meta":{"footnotes":""},"class_list":["post-35","page","type-page","status-publish","hentry"],"_links":{"self":[{"href":"https:\/\/singep.org.br\/10\/wp-json\/wp\/v2\/pages\/35","targetHints":{"allow":["GET"]}}],"collection":[{"href":"https:\/\/singep.org.br\/10\/wp-json\/wp\/v2\/pages"}],"about":[{"href":"https:\/\/singep.org.br\/10\/wp-json\/wp\/v2\/types\/page"}],"author":[{"embeddable":true,"href":"https:\/\/singep.org.br\/10\/wp-json\/wp\/v2\/users\/1"}],"replies":[{"embeddable":true,"href":"https:\/\/singep.org.br\/10\/wp-json\/wp\/v2\/comments?post=35"}],"version-history":[{"count":2,"href":"https:\/\/singep.org.br\/10\/wp-json\/wp\/v2\/pages\/35\/revisions"}],"predecessor-version":[{"id":7053,"href":"https:\/\/singep.org.br\/10\/wp-json\/wp\/v2\/pages\/35\/revisions\/7053"}],"up":[{"embeddable":true,"href":"https:\/\/singep.org.br\/10\/wp-json\/wp\/v2\/pages\/32"}],"wp:attachment":[{"href":"https:\/\/singep.org.br\/10\/wp-json\/wp\/v2\/media?parent=35"}],"curies":[{"name":"wp","href":"https:\/\/api.w.org\/{rel}","templated":true}]}}