{"id":24,"date":"2014-05-23T14:02:31","date_gmt":"2014-05-23T17:02:31","guid":{"rendered":"http:\/\/impermad.com.br\/singep\/?page_id=24"},"modified":"2022-08-05T14:39:39","modified_gmt":"2022-08-05T17:39:39","slug":"datas-importantes","status":"publish","type":"page","link":"https:\/\/singep.org.br\/10\/datas-importantes\/","title":{"rendered":"Datas Importantes"},"content":{"rendered":"\n<p><strong>-SUBMISS\u00d5ES:<br><\/strong>at\u00e9 08\/08\/2022<\/p>\n\n\n\n<p><strong>-DIVULGA\u00c7\u00c3O DOS TRABALHOS SELECIONADOS:<\/strong><br>06\/09\/2022<\/p>\n\n\n\n<p><strong>-INSCRI\u00c7\u00d5ES DOS AUTORES COM TRABALHOS APROVADOS:<\/strong><br>at\u00e9 15\/09\/2022<\/p>\n\n\n\n<p><strong>-DATA DO EVENTO:<\/strong><br>26, 27 e 28 de outubro de 2022<\/p>\n","protected":false},"excerpt":{"rendered":"<p>-SUBMISS\u00d5ES:at\u00e9 08\/08\/2022 -DIVULGA\u00c7\u00c3O DOS TRABALHOS SELECIONADOS:06\/09\/2022 -INSCRI\u00c7\u00d5ES DOS AUTORES COM TRABALHOS APROVADOS:at\u00e9 15\/09\/2022 -DATA DO EVENTO:26, 27 e 28 de outubro de 2022<\/p>\n","protected":false},"author":1,"featured_media":0,"parent":0,"menu_order":0,"comment_status":"closed","ping_status":"closed","template":"","meta":{"footnotes":""},"class_list":["post-24","page","type-page","status-publish","hentry"],"_links":{"self":[{"href":"https:\/\/singep.org.br\/10\/wp-json\/wp\/v2\/pages\/24","targetHints":{"allow":["GET"]}}],"collection":[{"href":"https:\/\/singep.org.br\/10\/wp-json\/wp\/v2\/pages"}],"about":[{"href":"https:\/\/singep.org.br\/10\/wp-json\/wp\/v2\/types\/page"}],"author":[{"embeddable":true,"href":"https:\/\/singep.org.br\/10\/wp-json\/wp\/v2\/users\/1"}],"replies":[{"embeddable":true,"href":"https:\/\/singep.org.br\/10\/wp-json\/wp\/v2\/comments?post=24"}],"version-history":[{"count":4,"href":"https:\/\/singep.org.br\/10\/wp-json\/wp\/v2\/pages\/24\/revisions"}],"predecessor-version":[{"id":7391,"href":"https:\/\/singep.org.br\/10\/wp-json\/wp\/v2\/pages\/24\/revisions\/7391"}],"wp:attachment":[{"href":"https:\/\/singep.org.br\/10\/wp-json\/wp\/v2\/media?parent=24"}],"curies":[{"name":"wp","href":"https:\/\/api.w.org\/{rel}","templated":true}]}}