{"id":121,"date":"2014-05-26T17:02:44","date_gmt":"2014-05-26T20:02:44","guid":{"rendered":"http:\/\/impermad.com.br\/singep\/?page_id=121"},"modified":"2022-05-05T16:02:08","modified_gmt":"2022-05-05T19:02:08","slug":"inovacao-e-empreendedorismo","status":"publish","type":"page","link":"https:\/\/singep.org.br\/10\/areas\/inovacao-e-empreendedorismo\/","title":{"rendered":"Inova\u00e7\u00e3o e Empreendedorismo"},"content":{"rendered":"\n<p><strong>L\u00edderes: <\/strong><\/p>\n\n\n\n<ul class=\"wp-block-list\"><li>Claudia Brito Silva Cirani \u2013 Programa de P\u00f3s-Gradua\u00e7\u00e3o em Administra\u00e7\u00e3o da Universidade Nove de Julho (UNINOVE)<\/li><li>Jos\u00e9 Jaconias da Silva \u2013 Curso de Administra\u00e7\u00e3o da Universidade Federal do Mato Grosso<\/li><li>Franklin Ribeiro Doutorando do Programa de P\u00f3s-Gradua\u00e7\u00e3o em Administra\u00e7\u00e3o da Universidade Nove de Julho (UNINOVE)<\/li><\/ul>\n\n\n\n<div style=\"height:25px\" aria-hidden=\"true\" class=\"wp-block-spacer\"><\/div>\n\n\n\n<h3 class=\"wp-block-heading\">Temas:<\/h3>\n\n\n\n<ol class=\"wp-block-list\"><li>Inova\u00e7\u00e3o em Servi\u00e7os<\/li><li>Inova\u00e7\u00e3o na Administra\u00e7\u00e3o P\u00fablica<\/li><li>Inova\u00e7\u00e3o e Empreendedorismo Digital<\/li><li>Inova\u00e7\u00e3o e Empreendedorismo Sustent\u00e1vel<\/li><li>Aspectos Comportamentais da Inova\u00e7\u00e3o e do Empreendedorismo<\/li><li>Redes, Ecossistemas e Pol\u00edticas de Inova\u00e7\u00e3o e Empreendedorismo<\/li><li>Temas Emergentes em Inova\u00e7\u00e3o e Empreendedorismo<\/li><\/ol>\n","protected":false},"excerpt":{"rendered":"<p>L\u00edderes: Claudia Brito Silva Cirani \u2013 Programa de P\u00f3s-Gradua\u00e7\u00e3o em Administra\u00e7\u00e3o da Universidade Nove de Julho (UNINOVE) Jos\u00e9 Jaconias da Silva \u2013 Curso de Administra\u00e7\u00e3o da Universidade Federal do Mato Grosso Franklin Ribeiro Doutorando do Programa de P\u00f3s-Gradua\u00e7\u00e3o em Administra\u00e7\u00e3o da Universidade Nove de Julho (UNINOVE) Temas: Inova\u00e7\u00e3o em Servi\u00e7os Inova\u00e7\u00e3o na Administra\u00e7\u00e3o P\u00fablica Inova\u00e7\u00e3o [&hellip;]<\/p>\n","protected":false},"author":1,"featured_media":0,"parent":30,"menu_order":0,"comment_status":"closed","ping_status":"closed","template":"","meta":{"footnotes":""},"class_list":["post-121","page","type-page","status-publish","hentry"],"_links":{"self":[{"href":"https:\/\/singep.org.br\/10\/wp-json\/wp\/v2\/pages\/121","targetHints":{"allow":["GET"]}}],"collection":[{"href":"https:\/\/singep.org.br\/10\/wp-json\/wp\/v2\/pages"}],"about":[{"href":"https:\/\/singep.org.br\/10\/wp-json\/wp\/v2\/types\/page"}],"author":[{"embeddable":true,"href":"https:\/\/singep.org.br\/10\/wp-json\/wp\/v2\/users\/1"}],"replies":[{"embeddable":true,"href":"https:\/\/singep.org.br\/10\/wp-json\/wp\/v2\/comments?post=121"}],"version-history":[{"count":5,"href":"https:\/\/singep.org.br\/10\/wp-json\/wp\/v2\/pages\/121\/revisions"}],"predecessor-version":[{"id":7092,"href":"https:\/\/singep.org.br\/10\/wp-json\/wp\/v2\/pages\/121\/revisions\/7092"}],"up":[{"embeddable":true,"href":"https:\/\/singep.org.br\/10\/wp-json\/wp\/v2\/pages\/30"}],"wp:attachment":[{"href":"https:\/\/singep.org.br\/10\/wp-json\/wp\/v2\/media?parent=121"}],"curies":[{"name":"wp","href":"https:\/\/api.w.org\/{rel}","templated":true}]}}