{"id":119,"date":"2014-05-26T17:04:13","date_gmt":"2014-05-26T20:04:13","guid":{"rendered":"http:\/\/impermad.com.br\/singep\/?page_id=119"},"modified":"2022-05-05T16:08:20","modified_gmt":"2022-05-05T19:08:20","slug":"sustentabilidade","status":"publish","type":"page","link":"https:\/\/singep.org.br\/10\/areas\/sustentabilidade\/","title":{"rendered":"Sustentabilidade"},"content":{"rendered":"\n<p><strong>L\u00edderes:<\/strong><\/p>\n\n\n\n<ul class=\"wp-block-list\"><li>Heidy Rodriguez Ramos \u2013 Programa de P\u00f3s-Gradua\u00e7\u00e3o em Administra\u00e7\u00e3o e do Programa de P\u00f3s-Gradua\u00e7\u00e3o em Cidades Inteligentes e Sustent\u00e1veis da Universidade Nove de Julho (UNINOVE)<\/li><li>Leonardo Vils \u2013 Programa de P\u00f3s-Gradua\u00e7\u00e3o em Gest\u00e3o de Projetos e do Programa de P\u00f3s-Gradua\u00e7\u00e3o em Cidades Inteligentes e Sustent\u00e1veis da Universidade Nove de Julho (UNINOVE)<\/li><li>Marcela Barbosa de Moraes \u2013 Programa de P\u00f3s-gradua\u00e7\u00e3o em Gest\u00e3o e Desenvolvimento Regional \u2013 Universidade de Taubat\u00e9 (UNITAU)<\/li><li>Claudia Maria da Silva Bezerra \u2013 Doutoranda do Programa de P\u00f3s-Gradua\u00e7\u00e3o em Administra\u00e7\u00e3o da Universidade Nove de Julho (UNINOVE)<\/li><\/ul>\n\n\n\n<div style=\"height:25px\" aria-hidden=\"true\" class=\"wp-block-spacer\"><\/div>\n\n\n\n<h3 class=\"wp-block-heading\">Temas:<\/h3>\n\n\n\n<ol class=\"wp-block-list\"><li>Indicadores de Sustentabilidade<\/li><li>Log\u00edsticas Reversa e Gest\u00e3o de Res\u00edduos<\/li><li>Pol\u00edticas P\u00fablicas e Marco Regulat\u00f3rio Ambiental<\/li><li>Responsabilidade Social Corporativa<\/li><li>Responsabilidade Social Corporativa&nbsp;\/ ESG<\/li><li>Cidades Inteligentes e Sustent\u00e1veis<\/li><li>Efici\u00eancia Energ\u00e9tica e uso de energias renov\u00e1veis<\/li><li>Constru\u00e7\u00f5es Sustent\u00e1veis<\/li><li>Metodologias de Pesquisa em Sustentabilidade<\/li><li>T\u00f3picos Emergentes em Sustentabilidade<\/li><\/ol>\n","protected":false},"excerpt":{"rendered":"<p>L\u00edderes: Heidy Rodriguez Ramos \u2013 Programa de P\u00f3s-Gradua\u00e7\u00e3o em Administra\u00e7\u00e3o e do Programa de P\u00f3s-Gradua\u00e7\u00e3o em Cidades Inteligentes e Sustent\u00e1veis da Universidade Nove de Julho (UNINOVE) Leonardo Vils \u2013 Programa de P\u00f3s-Gradua\u00e7\u00e3o em Gest\u00e3o de Projetos e do Programa de P\u00f3s-Gradua\u00e7\u00e3o em Cidades Inteligentes e Sustent\u00e1veis da Universidade Nove de Julho (UNINOVE) Marcela Barbosa de [&hellip;]<\/p>\n","protected":false},"author":1,"featured_media":0,"parent":30,"menu_order":0,"comment_status":"closed","ping_status":"closed","template":"","meta":{"footnotes":""},"class_list":["post-119","page","type-page","status-publish","hentry"],"_links":{"self":[{"href":"https:\/\/singep.org.br\/10\/wp-json\/wp\/v2\/pages\/119","targetHints":{"allow":["GET"]}}],"collection":[{"href":"https:\/\/singep.org.br\/10\/wp-json\/wp\/v2\/pages"}],"about":[{"href":"https:\/\/singep.org.br\/10\/wp-json\/wp\/v2\/types\/page"}],"author":[{"embeddable":true,"href":"https:\/\/singep.org.br\/10\/wp-json\/wp\/v2\/users\/1"}],"replies":[{"embeddable":true,"href":"https:\/\/singep.org.br\/10\/wp-json\/wp\/v2\/comments?post=119"}],"version-history":[{"count":9,"href":"https:\/\/singep.org.br\/10\/wp-json\/wp\/v2\/pages\/119\/revisions"}],"predecessor-version":[{"id":7100,"href":"https:\/\/singep.org.br\/10\/wp-json\/wp\/v2\/pages\/119\/revisions\/7100"}],"up":[{"embeddable":true,"href":"https:\/\/singep.org.br\/10\/wp-json\/wp\/v2\/pages\/30"}],"wp:attachment":[{"href":"https:\/\/singep.org.br\/10\/wp-json\/wp\/v2\/media?parent=119"}],"curies":[{"name":"wp","href":"https:\/\/api.w.org\/{rel}","templated":true}]}}