{"id":118,"date":"2014-05-26T16:59:19","date_gmt":"2014-05-26T19:59:19","guid":{"rendered":"http:\/\/impermad.com.br\/singep\/?page_id=118"},"modified":"2022-05-05T15:59:26","modified_gmt":"2022-05-05T18:59:26","slug":"gestao-de-projetos","status":"publish","type":"page","link":"https:\/\/singep.org.br\/10\/areas\/gestao-de-projetos\/","title":{"rendered":"Gest\u00e3o de Projetos"},"content":{"rendered":"\n<p><strong>L\u00edderes: <\/strong><\/p>\n\n\n\n<ul class=\"wp-block-list\"><li>Cristiane Drebes Pedron \u2013 Programa de P\u00f3s-Gradua\u00e7\u00e3o em Administra\u00e7\u00e3o e do Programa de P\u00f3s-Gradua\u00e7\u00e3o em Gest\u00e3o de Projetos da Universidade Nove de Julho (UNINOVE)<\/li><li>Vanessa Mesquita Blas \u2013 Doutora em Administra\u00e7\u00e3o &#8211; Gest\u00e3o de Projetos (PPGP- Uninove) e Diretora de Projetos na Sol Agora\/CredGrid (Fintech do Grupo Brookfield)<\/li><li>Silvio Teixeira \u2013 Doutorando do Programa de P\u00f3s-Gradua\u00e7\u00e3o em Gest\u00e3o de Projetos da Universidade Nove de Julho (UNINOVE)<\/li><\/ul>\n\n\n\n<div style=\"height:25px\" aria-hidden=\"true\" class=\"wp-block-spacer\"><\/div>\n\n\n\n<h3 class=\"wp-block-heading\">Temas:<\/h3>\n\n\n\n<ol class=\"wp-block-list\"><li>Compet\u00eancias Organizacionais e Individuais na Gest\u00e3o de Projetos<\/li><li>PMO: Portf\u00f3lio, Maturidade e Estrat\u00e9gia<\/li><li>Gest\u00e3o de Projetos no Setor P\u00fablico e no Terceiro Setor<\/li><li>Gest\u00e3o do Conhecimento e Aprendizagem em Projetos<\/li><li>Metodologias e Ferramentas de Gest\u00e3o de Projetos<\/li><li>Sustentabilidade em Projetos<\/li><li>Projetos \u00c1geis e H\u00edbridos<\/li><li>Tecnologias Emergentes (ex. IoT, Analytics, 5G) e a Gest\u00e3o de Projetos<\/li><li>Gest\u00e3o de Projetos em Ambientes Empreendedores (ex. Startups e Fintechs)<\/li><li>M\u00e9todos de Pesquisa e Ensino em Gest\u00e3o de Projetos<\/li><li>T\u00f3picos Emergentes em Gest\u00e3o de Projetos<\/li><\/ol>\n","protected":false},"excerpt":{"rendered":"<p>L\u00edderes: Cristiane Drebes Pedron \u2013 Programa de P\u00f3s-Gradua\u00e7\u00e3o em Administra\u00e7\u00e3o e do Programa de P\u00f3s-Gradua\u00e7\u00e3o em Gest\u00e3o de Projetos da Universidade Nove de Julho (UNINOVE) Vanessa Mesquita Blas \u2013 Doutora em Administra\u00e7\u00e3o &#8211; Gest\u00e3o de Projetos (PPGP- Uninove) e Diretora de Projetos na Sol Agora\/CredGrid (Fintech do Grupo Brookfield) Silvio Teixeira \u2013 Doutorando do Programa [&hellip;]<\/p>\n","protected":false},"author":1,"featured_media":0,"parent":30,"menu_order":0,"comment_status":"closed","ping_status":"closed","template":"","meta":{"footnotes":""},"class_list":["post-118","page","type-page","status-publish","hentry"],"_links":{"self":[{"href":"https:\/\/singep.org.br\/10\/wp-json\/wp\/v2\/pages\/118","targetHints":{"allow":["GET"]}}],"collection":[{"href":"https:\/\/singep.org.br\/10\/wp-json\/wp\/v2\/pages"}],"about":[{"href":"https:\/\/singep.org.br\/10\/wp-json\/wp\/v2\/types\/page"}],"author":[{"embeddable":true,"href":"https:\/\/singep.org.br\/10\/wp-json\/wp\/v2\/users\/1"}],"replies":[{"embeddable":true,"href":"https:\/\/singep.org.br\/10\/wp-json\/wp\/v2\/comments?post=118"}],"version-history":[{"count":5,"href":"https:\/\/singep.org.br\/10\/wp-json\/wp\/v2\/pages\/118\/revisions"}],"predecessor-version":[{"id":7090,"href":"https:\/\/singep.org.br\/10\/wp-json\/wp\/v2\/pages\/118\/revisions\/7090"}],"up":[{"embeddable":true,"href":"https:\/\/singep.org.br\/10\/wp-json\/wp\/v2\/pages\/30"}],"wp:attachment":[{"href":"https:\/\/singep.org.br\/10\/wp-json\/wp\/v2\/media?parent=118"}],"curies":[{"name":"wp","href":"https:\/\/api.w.org\/{rel}","templated":true}]}}